{"id":14569,"date":"2016-03-15T16:01:42","date_gmt":"2016-03-15T15:01:42","guid":{"rendered":"https:\/\/klosterlorsch.de\/planning-a-visit\/approach"},"modified":"2024-03-27T11:10:20","modified_gmt":"2024-03-27T10:10:20","slug":"approach","status":"publish","type":"page","link":"https:\/\/kloster-lorsch.de\/en\/planning-a-visit\/approach\/","title":{"rendered":"How to get to us"},"content":{"rendered":"\t\t<div data-elementor-type=\"wp-page\" data-elementor-id=\"14569\" class=\"elementor elementor-14569 elementor-598\" data-elementor-post-type=\"page\">\n\t\t\t\t\t\t<section class=\"elementor-section elementor-top-section elementor-element elementor-element-ac319ae elementor-section-boxed elementor-section-height-default elementor-section-height-default\" data-id=\"ac319ae\" data-element_type=\"section\" data-e-type=\"section\">\n\t\t\t\t\t\t<div class=\"elementor-container elementor-column-gap-default\">\n\t\t\t\t\t<div class=\"elementor-column elementor-col-100 elementor-top-column elementor-element elementor-element-3c7c900\" data-id=\"3c7c900\" data-element_type=\"column\" data-e-type=\"column\">\n\t\t\t<div class=\"elementor-widget-wrap elementor-element-populated\">\n\t\t\t\t\t\t<div class=\"elementor-element elementor-element-3e4f6ef elementor-widget elementor-widget-image\" data-id=\"3e4f6ef\" data-element_type=\"widget\" data-e-type=\"widget\" data-widget_type=\"image.default\">\n\t\t\t\t<div class=\"elementor-widget-container\">\n\t\t\t\t\t\t\t\t\t\t\t\t\t\t\t<img fetchpriority=\"high\" decoding=\"async\" width=\"1024\" height=\"561\" src=\"https:\/\/kloster-lorsch.de\/wp-content\/uploads\/2023\/09\/anfahrt-quer-1024x561.jpg\" class=\"attachment-large size-large wp-image-14422\" alt=\"\" srcset=\"https:\/\/kloster-lorsch.de\/wp-content\/uploads\/2023\/09\/anfahrt-quer-1024x561.jpg 1024w, https:\/\/kloster-lorsch.de\/wp-content\/uploads\/2023\/09\/anfahrt-quer-300x164.jpg 300w, https:\/\/kloster-lorsch.de\/wp-content\/uploads\/2023\/09\/anfahrt-quer-768x421.jpg 768w, https:\/\/kloster-lorsch.de\/wp-content\/uploads\/2023\/09\/anfahrt-quer-1536x842.jpg 1536w, https:\/\/kloster-lorsch.de\/wp-content\/uploads\/2023\/09\/anfahrt-quer-2048x1122.jpg 2048w, https:\/\/kloster-lorsch.de\/wp-content\/uploads\/2023\/09\/anfahrt-quer-600x329.jpg 600w\" sizes=\"(max-width: 1024px) 100vw, 1024px\" \/>\t\t\t\t\t\t\t\t\t\t\t\t\t\t\t<\/div>\n\t\t\t\t<\/div>\n\t\t\t\t<div class=\"elementor-element elementor-element-02e3434 elementor-widget elementor-widget-heading\" data-id=\"02e3434\" data-element_type=\"widget\" data-e-type=\"widget\" data-widget_type=\"heading.default\">\n\t\t\t\t<div class=\"elementor-widget-container\">\n\t\t\t\t\t<h1 class=\"elementor-heading-title elementor-size-default\">How to get to us<\/h1>\t\t\t\t<\/div>\n\t\t\t\t<\/div>\n\t\t\t\t<div class=\"elementor-element elementor-element-24b30319 elementor-widget elementor-widget-text-editor\" data-id=\"24b30319\" data-element_type=\"widget\" data-e-type=\"widget\" data-widget_type=\"text-editor.default\">\n\t\t\t\t<div class=\"elementor-widget-container\">\n\t\t\t\t\t\t\t\t\t<h3 align=\"left\">Directions by car<\/h3>\n<div>\n<p>You can reach us via the A 5 and A 67 highways as well as the B 3 (Bergstra\u00dfe), B 47 (Nibelungenstra\u00dfe) and B 460 (Siegfriedstra\u00dfe) federal highways.<br \/>Information for your navigation device: Nibelungenstra\u00dfe 13<\/p>\n<p>Please note: The destination is in a traffic-free area. Both the Lorsch Museum Center and the Visitor Information Center can only be reached on foot.<\/p>\n<h3>By bus and train<\/h3>\n<p>Lorsch can also be reached by train and bus. There are signs from the train station to the museum center and monastery grounds (approx. 10 minutes on foot).<\/p>\n<h2>Parking facilities<\/h2>\n<h3>PASSENGER CAR<\/h3>\n<p>There are several parking spaces at the Nibelungenstra\u00dfe\/Klosterstra\u00dfe intersection. Additional parking spaces are available on Karolingerplatz (directly in front of the monastery wall).<\/p>\n<h3>Bus and car<\/h3>\n<p>There are parking spaces for coaches and cars along Odenwaldallee (marked areas at the edge).<\/p>\n<\/div>\n\t\t\t\t\t\t\t\t<\/div>\n\t\t\t\t<\/div>\n\t\t\t\t<div class=\"elementor-element elementor-element-7206627 elementor-widget elementor-widget-google_maps\" data-id=\"7206627\" data-element_type=\"widget\" data-e-type=\"widget\" data-widget_type=\"google_maps.default\">\n\t\t\t\t<div class=\"elementor-widget-container\">\n\t\t\t\t\t\t\t<div class=\"elementor-custom-embed\">\n\t\t\t<iframe loading=\"lazy\"\n\t\t\t\t\tsrc=\"https:\/\/maps.google.com\/maps?q=Kloster%20Lorsch&#038;t=m&#038;z=17&#038;output=embed&#038;iwloc=near\"\n\t\t\t\t\ttitle=\"Kloster Lorsch\"\n\t\t\t\t\taria-label=\"Kloster Lorsch\"\n\t\t\t><\/iframe>\n\t\t<\/div>\n\t\t\t\t\t\t<\/div>\n\t\t\t\t<\/div>\n\t\t\t\t\t<\/div>\n\t\t<\/div>\n\t\t\t\t\t<\/div>\n\t\t<\/section>\n\t\t\t\t<\/div>\n\t\t","protected":false},"excerpt":{"rendered":"<p>Directions by car You can reach us via the A 5 and A 67 highways as well as the B 3 (Bergstra\u00dfe), B 47 (Nibelungenstra\u00dfe) and B 460 (Siegfriedstra\u00dfe) federal highways.Information for your navigation device: Nibelungenstra\u00dfe 13 Please note: The destination is in a traffic-free area. Both the Lorsch Museum Center and the Visitor Information &#8230; <a title=\"How to get to us\" class=\"read-more\" href=\"https:\/\/kloster-lorsch.de\/en\/planning-a-visit\/approach\/\" aria-label=\"Read more about How to get to us\">Read more<\/a><\/p>\n","protected":false},"author":1,"featured_media":0,"parent":14557,"menu_order":3,"comment_status":"closed","ping_status":"closed","template":"","meta":{"footnotes":"","advanced-sidebar-menu\/link-title":"","advanced-sidebar-menu\/exclude-page":false},"class_list":["post-14569","page","type-page","status-publish"],"yoast_head":"<!-- This site is optimized with the Yoast SEO plugin v27.4 - https:\/\/yoast.com\/product\/yoast-seo-wordpress\/ -->\n<title>How to get to us - UNESCO WELTERBE KLOSTER LORSCH<\/title>\n<meta name=\"description\" content=\"How to get to the World Heritage Site: directions by car or train, parking facilities\" \/>\n<meta name=\"robots\" content=\"index, follow, max-snippet:-1, max-image-preview:large, max-video-preview:-1\" \/>\n<link rel=\"canonical\" href=\"https:\/\/kloster-lorsch.de\/en\/planning-a-visit\/approach\/\" \/>\n<meta property=\"og:locale\" content=\"en_US\" \/>\n<meta property=\"og:type\" content=\"article\" \/>\n<meta property=\"og:title\" content=\"How to get to us - UNESCO WELTERBE KLOSTER LORSCH\" \/>\n<meta property=\"og:description\" content=\"How to get to the World Heritage Site: directions by car or train, parking facilities\" \/>\n<meta property=\"og:url\" content=\"https:\/\/kloster-lorsch.de\/en\/planning-a-visit\/approach\/\" \/>\n<meta property=\"og:site_name\" content=\"UNESCO WELTERBE KLOSTER LORSCH\" \/>\n<meta property=\"article:publisher\" content=\"https:\/\/www.facebook.com\/klosterlorsch\" \/>\n<meta property=\"article:modified_time\" content=\"2024-03-27T10:10:20+00:00\" \/>\n<meta property=\"og:image\" content=\"https:\/\/kloster-lorsch.de\/wp-content\/uploads\/2023\/09\/anfahrt-quer-1024x561.jpg\" \/>\n<meta name=\"twitter:card\" content=\"summary_large_image\" \/>\n<meta name=\"twitter:label1\" content=\"Est. reading time\" \/>\n\t<meta name=\"twitter:data1\" content=\"1 minute\" \/>\n<script type=\"application\/ld+json\" class=\"yoast-schema-graph\">{\"@context\":\"https:\\\/\\\/schema.org\",\"@graph\":[{\"@type\":\"WebPage\",\"@id\":\"https:\\\/\\\/kloster-lorsch.de\\\/en\\\/planning-a-visit\\\/approach\\\/\",\"url\":\"https:\\\/\\\/kloster-lorsch.de\\\/en\\\/planning-a-visit\\\/approach\\\/\",\"name\":\"How to get to us - UNESCO WELTERBE KLOSTER LORSCH\",\"isPartOf\":{\"@id\":\"https:\\\/\\\/kloster-lorsch.de\\\/en\\\/#website\"},\"primaryImageOfPage\":{\"@id\":\"https:\\\/\\\/kloster-lorsch.de\\\/en\\\/planning-a-visit\\\/approach\\\/#primaryimage\"},\"image\":{\"@id\":\"https:\\\/\\\/kloster-lorsch.de\\\/en\\\/planning-a-visit\\\/approach\\\/#primaryimage\"},\"thumbnailUrl\":\"https:\\\/\\\/kloster-lorsch.de\\\/wp-content\\\/uploads\\\/2023\\\/09\\\/anfahrt-quer-1024x561.jpg\",\"datePublished\":\"2016-03-15T15:01:42+00:00\",\"dateModified\":\"2024-03-27T10:10:20+00:00\",\"description\":\"How to get to the World Heritage Site: directions by car or train, parking facilities\",\"breadcrumb\":{\"@id\":\"https:\\\/\\\/kloster-lorsch.de\\\/en\\\/planning-a-visit\\\/approach\\\/#breadcrumb\"},\"inLanguage\":\"en-US\",\"potentialAction\":[{\"@type\":\"ReadAction\",\"target\":[\"https:\\\/\\\/kloster-lorsch.de\\\/en\\\/planning-a-visit\\\/approach\\\/\"]}]},{\"@type\":\"ImageObject\",\"inLanguage\":\"en-US\",\"@id\":\"https:\\\/\\\/kloster-lorsch.de\\\/en\\\/planning-a-visit\\\/approach\\\/#primaryimage\",\"url\":\"https:\\\/\\\/kloster-lorsch.de\\\/wp-content\\\/uploads\\\/2023\\\/09\\\/anfahrt-quer-1024x561.jpg\",\"contentUrl\":\"https:\\\/\\\/kloster-lorsch.de\\\/wp-content\\\/uploads\\\/2023\\\/09\\\/anfahrt-quer-1024x561.jpg\"},{\"@type\":\"BreadcrumbList\",\"@id\":\"https:\\\/\\\/kloster-lorsch.de\\\/en\\\/planning-a-visit\\\/approach\\\/#breadcrumb\",\"itemListElement\":[{\"@type\":\"ListItem\",\"position\":1,\"name\":\"Startseite\",\"item\":\"https:\\\/\\\/kloster-lorsch.de\\\/en\\\/\"},{\"@type\":\"ListItem\",\"position\":2,\"name\":\"PLAN YOUR VISIT\",\"item\":\"https:\\\/\\\/kloster-lorsch.de\\\/en\\\/planning-a-visit\\\/\"},{\"@type\":\"ListItem\",\"position\":3,\"name\":\"How to get to us\"}]},{\"@type\":\"WebSite\",\"@id\":\"https:\\\/\\\/kloster-lorsch.de\\\/en\\\/#website\",\"url\":\"https:\\\/\\\/kloster-lorsch.de\\\/en\\\/\",\"name\":\"UNESCO WELTERBE KLOSTER LORSCH\",\"description\":\"Welterbeareal mit Freilichtlabor Lauresham\",\"publisher\":{\"@id\":\"https:\\\/\\\/kloster-lorsch.de\\\/en\\\/#organization\"},\"potentialAction\":[{\"@type\":\"SearchAction\",\"target\":{\"@type\":\"EntryPoint\",\"urlTemplate\":\"https:\\\/\\\/kloster-lorsch.de\\\/en\\\/?s={search_term_string}\"},\"query-input\":{\"@type\":\"PropertyValueSpecification\",\"valueRequired\":true,\"valueName\":\"search_term_string\"}}],\"inLanguage\":\"en-US\"},{\"@type\":\"Organization\",\"@id\":\"https:\\\/\\\/kloster-lorsch.de\\\/en\\\/#organization\",\"name\":\"UNESCO Welterbe Kloster Lorsch\",\"alternateName\":\"WEKL\",\"url\":\"https:\\\/\\\/kloster-lorsch.de\\\/en\\\/\",\"logo\":{\"@type\":\"ImageObject\",\"inLanguage\":\"en-US\",\"@id\":\"https:\\\/\\\/kloster-lorsch.de\\\/en\\\/#\\\/schema\\\/logo\\\/image\\\/\",\"url\":\"https:\\\/\\\/kloster-lorsch.de\\\/wp-content\\\/uploads\\\/2020\\\/06\\\/WEKL_logo-weiss.png\",\"contentUrl\":\"https:\\\/\\\/kloster-lorsch.de\\\/wp-content\\\/uploads\\\/2020\\\/06\\\/WEKL_logo-weiss.png\",\"width\":2742,\"height\":2370,\"caption\":\"UNESCO Welterbe Kloster Lorsch\"},\"image\":{\"@id\":\"https:\\\/\\\/kloster-lorsch.de\\\/en\\\/#\\\/schema\\\/logo\\\/image\\\/\"},\"sameAs\":[\"https:\\\/\\\/www.facebook.com\\\/klosterlorsch\",\"https:\\\/\\\/www.youtube.com\\\/channel\\\/UCscD4hbr10MaVxxOJhPpvOQ\",\"https:\\\/\\\/de.wikipedia.org\\\/wiki\\\/Kloster_Lorsch\"]}]}<\/script>\n<!-- \/ Yoast SEO plugin. -->","yoast_head_json":{"title":"How to get to us - UNESCO WELTERBE KLOSTER LORSCH","description":"How to get to the World Heritage Site: directions by car or train, parking facilities","robots":{"index":"index","follow":"follow","max-snippet":"max-snippet:-1","max-image-preview":"max-image-preview:large","max-video-preview":"max-video-preview:-1"},"canonical":"https:\/\/kloster-lorsch.de\/en\/planning-a-visit\/approach\/","og_locale":"en_US","og_type":"article","og_title":"How to get to us - UNESCO WELTERBE KLOSTER LORSCH","og_description":"How to get to the World Heritage Site: directions by car or train, parking facilities","og_url":"https:\/\/kloster-lorsch.de\/en\/planning-a-visit\/approach\/","og_site_name":"UNESCO WELTERBE KLOSTER LORSCH","article_publisher":"https:\/\/www.facebook.com\/klosterlorsch","article_modified_time":"2024-03-27T10:10:20+00:00","og_image":[{"url":"https:\/\/kloster-lorsch.de\/wp-content\/uploads\/2023\/09\/anfahrt-quer-1024x561.jpg","type":"","width":"","height":""}],"twitter_card":"summary_large_image","twitter_misc":{"Est. reading time":"1 minute"},"schema":{"@context":"https:\/\/schema.org","@graph":[{"@type":"WebPage","@id":"https:\/\/kloster-lorsch.de\/en\/planning-a-visit\/approach\/","url":"https:\/\/kloster-lorsch.de\/en\/planning-a-visit\/approach\/","name":"How to get to us - UNESCO WELTERBE KLOSTER LORSCH","isPartOf":{"@id":"https:\/\/kloster-lorsch.de\/en\/#website"},"primaryImageOfPage":{"@id":"https:\/\/kloster-lorsch.de\/en\/planning-a-visit\/approach\/#primaryimage"},"image":{"@id":"https:\/\/kloster-lorsch.de\/en\/planning-a-visit\/approach\/#primaryimage"},"thumbnailUrl":"https:\/\/kloster-lorsch.de\/wp-content\/uploads\/2023\/09\/anfahrt-quer-1024x561.jpg","datePublished":"2016-03-15T15:01:42+00:00","dateModified":"2024-03-27T10:10:20+00:00","description":"How to get to the World Heritage Site: directions by car or train, parking facilities","breadcrumb":{"@id":"https:\/\/kloster-lorsch.de\/en\/planning-a-visit\/approach\/#breadcrumb"},"inLanguage":"en-US","potentialAction":[{"@type":"ReadAction","target":["https:\/\/kloster-lorsch.de\/en\/planning-a-visit\/approach\/"]}]},{"@type":"ImageObject","inLanguage":"en-US","@id":"https:\/\/kloster-lorsch.de\/en\/planning-a-visit\/approach\/#primaryimage","url":"https:\/\/kloster-lorsch.de\/wp-content\/uploads\/2023\/09\/anfahrt-quer-1024x561.jpg","contentUrl":"https:\/\/kloster-lorsch.de\/wp-content\/uploads\/2023\/09\/anfahrt-quer-1024x561.jpg"},{"@type":"BreadcrumbList","@id":"https:\/\/kloster-lorsch.de\/en\/planning-a-visit\/approach\/#breadcrumb","itemListElement":[{"@type":"ListItem","position":1,"name":"Startseite","item":"https:\/\/kloster-lorsch.de\/en\/"},{"@type":"ListItem","position":2,"name":"PLAN YOUR VISIT","item":"https:\/\/kloster-lorsch.de\/en\/planning-a-visit\/"},{"@type":"ListItem","position":3,"name":"How to get to us"}]},{"@type":"WebSite","@id":"https:\/\/kloster-lorsch.de\/en\/#website","url":"https:\/\/kloster-lorsch.de\/en\/","name":"UNESCO WELTERBE KLOSTER LORSCH","description":"Welterbeareal mit Freilichtlabor Lauresham","publisher":{"@id":"https:\/\/kloster-lorsch.de\/en\/#organization"},"potentialAction":[{"@type":"SearchAction","target":{"@type":"EntryPoint","urlTemplate":"https:\/\/kloster-lorsch.de\/en\/?s={search_term_string}"},"query-input":{"@type":"PropertyValueSpecification","valueRequired":true,"valueName":"search_term_string"}}],"inLanguage":"en-US"},{"@type":"Organization","@id":"https:\/\/kloster-lorsch.de\/en\/#organization","name":"UNESCO Welterbe Kloster Lorsch","alternateName":"WEKL","url":"https:\/\/kloster-lorsch.de\/en\/","logo":{"@type":"ImageObject","inLanguage":"en-US","@id":"https:\/\/kloster-lorsch.de\/en\/#\/schema\/logo\/image\/","url":"https:\/\/kloster-lorsch.de\/wp-content\/uploads\/2020\/06\/WEKL_logo-weiss.png","contentUrl":"https:\/\/kloster-lorsch.de\/wp-content\/uploads\/2020\/06\/WEKL_logo-weiss.png","width":2742,"height":2370,"caption":"UNESCO Welterbe Kloster Lorsch"},"image":{"@id":"https:\/\/kloster-lorsch.de\/en\/#\/schema\/logo\/image\/"},"sameAs":["https:\/\/www.facebook.com\/klosterlorsch","https:\/\/www.youtube.com\/channel\/UCscD4hbr10MaVxxOJhPpvOQ","https:\/\/de.wikipedia.org\/wiki\/Kloster_Lorsch"]}]}},"_links":{"self":[{"href":"https:\/\/kloster-lorsch.de\/en\/wp-json\/wp\/v2\/pages\/14569","targetHints":{"allow":["GET"]}}],"collection":[{"href":"https:\/\/kloster-lorsch.de\/en\/wp-json\/wp\/v2\/pages"}],"about":[{"href":"https:\/\/kloster-lorsch.de\/en\/wp-json\/wp\/v2\/types\/page"}],"author":[{"embeddable":true,"href":"https:\/\/kloster-lorsch.de\/en\/wp-json\/wp\/v2\/users\/1"}],"replies":[{"embeddable":true,"href":"https:\/\/kloster-lorsch.de\/en\/wp-json\/wp\/v2\/comments?post=14569"}],"version-history":[{"count":0,"href":"https:\/\/kloster-lorsch.de\/en\/wp-json\/wp\/v2\/pages\/14569\/revisions"}],"up":[{"embeddable":true,"href":"https:\/\/kloster-lorsch.de\/en\/wp-json\/wp\/v2\/pages\/14557"}],"wp:attachment":[{"href":"https:\/\/kloster-lorsch.de\/en\/wp-json\/wp\/v2\/media?parent=14569"}],"curies":[{"name":"wp","href":"https:\/\/api.w.org\/{rel}","templated":true}]}}