{"id":14575,"date":"2018-05-23T09:56:36","date_gmt":"2018-05-23T08:56:36","guid":{"rendered":"https:\/\/klosterlorsch.de\/planning-a-visit\/accessibility"},"modified":"2024-02-21T14:33:50","modified_gmt":"2024-02-21T13:33:50","slug":"accessibility","status":"publish","type":"page","link":"https:\/\/kloster-lorsch.de\/en\/planning-a-visit\/accessibility\/","title":{"rendered":"Accessibility"},"content":{"rendered":"\t\t<div data-elementor-type=\"wp-page\" data-elementor-id=\"14575\" class=\"elementor elementor-14575 elementor-850\" data-elementor-post-type=\"page\">\n\t\t\t\t\t\t<section class=\"elementor-section elementor-top-section elementor-element elementor-element-b550f1b elementor-section-boxed elementor-section-height-default elementor-section-height-default\" data-id=\"b550f1b\" data-element_type=\"section\" data-e-type=\"section\">\n\t\t\t\t\t\t<div class=\"elementor-container elementor-column-gap-default\">\n\t\t\t\t\t<div class=\"elementor-column elementor-col-100 elementor-top-column elementor-element elementor-element-ce40d1c\" data-id=\"ce40d1c\" data-element_type=\"column\" data-e-type=\"column\">\n\t\t\t<div class=\"elementor-widget-wrap elementor-element-populated\">\n\t\t\t\t\t\t<div class=\"elementor-element elementor-element-f1127da elementor-widget elementor-widget-image\" data-id=\"f1127da\" data-element_type=\"widget\" data-e-type=\"widget\" data-widget_type=\"image.default\">\n\t\t\t\t<div class=\"elementor-widget-container\">\n\t\t\t\t\t\t\t\t\t\t\t\t\t\t\t<img fetchpriority=\"high\" decoding=\"async\" width=\"1024\" height=\"561\" src=\"https:\/\/kloster-lorsch.de\/wp-content\/uploads\/2021\/01\/lauresham-rundgang-quer-1024x561.jpg\" class=\"attachment-large size-large wp-image-14064\" alt=\"\" srcset=\"https:\/\/kloster-lorsch.de\/wp-content\/uploads\/2021\/01\/lauresham-rundgang-quer-1024x561.jpg 1024w, https:\/\/kloster-lorsch.de\/wp-content\/uploads\/2021\/01\/lauresham-rundgang-quer-600x329.jpg 600w, https:\/\/kloster-lorsch.de\/wp-content\/uploads\/2021\/01\/lauresham-rundgang-quer-300x164.jpg 300w, https:\/\/kloster-lorsch.de\/wp-content\/uploads\/2021\/01\/lauresham-rundgang-quer-768x421.jpg 768w, https:\/\/kloster-lorsch.de\/wp-content\/uploads\/2021\/01\/lauresham-rundgang-quer-1536x842.jpg 1536w, https:\/\/kloster-lorsch.de\/wp-content\/uploads\/2021\/01\/lauresham-rundgang-quer-2048x1122.jpg 2048w\" sizes=\"(max-width: 1024px) 100vw, 1024px\" \/>\t\t\t\t\t\t\t\t\t\t\t\t\t\t\t<\/div>\n\t\t\t\t<\/div>\n\t\t\t\t<div class=\"elementor-element elementor-element-8619d63 elementor-widget elementor-widget-heading\" data-id=\"8619d63\" data-element_type=\"widget\" data-e-type=\"widget\" data-widget_type=\"heading.default\">\n\t\t\t\t<div class=\"elementor-widget-container\">\n\t\t\t\t\t<h1 class=\"elementor-heading-title elementor-size-default\">Accessibility<\/h1>\t\t\t\t<\/div>\n\t\t\t\t<\/div>\n\t\t\t\t<div class=\"elementor-element elementor-element-5404c66f elementor-widget elementor-widget-text-editor\" data-id=\"5404c66f\" data-element_type=\"widget\" data-e-type=\"widget\" data-widget_type=\"text-editor.default\">\n\t\t\t\t<div class=\"elementor-widget-container\">\n\t\t\t\t\t\t\t\t\t<div>\n<div class=\"indent\">\n<div class=\"indent\">\n<div class=\"indent\">\n<h3>Tips for your barrier-free visit<\/h3>\n<\/div>\n<\/div>\n<\/div>\n<\/div>\n<div>\n<p>If you are a visitor with restricted mobility and have any questions about accessibility, please contact us in advance by telephone on +49 (0)6251-86 92 00 or by e-mail at <a href=\"mailto:info@kloster-lorsch.de\">info@kloster-lorsch.de<\/a>.<\/p>\n<h3>Accessibility<\/h3>\n<ul>\n<li>By train: ramps are available at the platforms. The station exit and entrance are accessible at ground level. The museum center (museum and educational rooms) and the monastery grounds can be reached at ground level via Bahnhofstra\u00dfe towards the city center (approx. 840 m.). The visitor information center (entrance to the open-air laboratory and the museum&#8217;s educational facilities) can be reached either via Bahnhofstra\u00dfe and further into the city via Nibelungenstra\u00dfe (approx. 1.6 km) or out of the city along the railroad line via Karlstra\u00dfe (approx. 1.1 km).<\/li>\n<li>By car\/coach: The parking lots are located in Odenwaldallee, Nibelungenstra\u00dfe (at property no. 12, Holzhandlung Koch) and on Karolingerplatz to the east of the monastery wall. The walking distance between the parking lots and the Museum Center\/K\u00f6nigshalle\/Klostergel\u00e4nde is approx. 300 m and to the Visitor Information Center (Lauresham open-air laboratory entrance) approx. 460 m.<\/li>\n<li>By bus (public transportation):<br \/>Bus stop &#8220;Bahnhof&#8221;: The route and distance corresponds to the description &#8220;By train&#8221;. This and the &#8220;Kaiser-Wilhelm-Platz&#8221; bus stop are both around 520 meters away from the monastery grounds\/museum center and are at ground level.<br \/>Bus stop &#8220;Odenwaldallee&#8221;: It is located approx. 1.1 km from Lauresham and approx. 960 m from the monastery grounds\/museum center. Both locations are accessible at ground level via asphalted paths and residential roads.<br \/>All the stops mentioned can be reached by bus lines 641, 643 and 646.\n<p>Both the monastery grounds with the museum center and the visitor information center (Lauresham open-air laboratory) are accessible at ground level and barrier-free and are both located in traffic-calmed areas. The walking distance between the two locations is approx. 760 m.<\/p>\n<\/li>\n<\/ul>\n<h3>  Parking<\/h3>\n<ul>\n<li>Designated disabled parking spaces are available at the parking lot in Nibelungenstra\u00dfe and are signposted (enter &#8220;Nibelungenstra\u00dfe 12&#8221; \/ at Holzhandlung Koch).<\/li>\n<li>Further marked disabled parking spaces can be found in the parking lot behind the Volksbank Bergstra\u00dfe, Bahnhofstr. 15 &#8211; 17 The paths from the parking lots to the monastery grounds, the museum center and the Lauresham open-air laboratory are paved\/asphalted and largely flat.<\/li>\n<\/ul>\n<h3>Wheelchairs\/folding chairs<\/h3>\n<p><strong>Wheelchairs and folding chairs, which can also be used as walking aids, can be borrowed free of charge at the ticket offices in the Museum Center and Visitor Center of the open-air laboratory, subject to availability, and must be returned there.<\/strong><\/p>\n<h3>Wheelchair-accessible WC facilities<\/h3>\n<p>Ground-level and barrier-free toilets are available:<br \/>&#8211; Museum Center: in the entrance area of the P. Schnitzer Hall<br \/>&#8211; Visitor information center: opposite the ticket office\/museum store<\/p>\n<h3>Entrances\/box office\/museum store<\/h3>\n<p>The museum center and visitor information center (entrance to the Lauresham open-air laboratory) are accessible without steps and without restrictions. The same applies to the ticket areas and the museum stores.<\/p>\n<h3>Cloakroom\/lockers<\/h3>\n<ul>\n<li>Museum Center: checkroom lockers are located in the entrance area of the Paul Schnitzer Hall.<\/li>\n<li>Visitor information center: opposite the ticket office there are lockers which are also accessible for wheelchair users.<\/li>\n<\/ul>\n<h3>Assistance\/guide dogs for the blind<\/h3>\n<p>Guide dogs are allowed in the monastery grounds, museum center and Lauresham. In the case of advance reservations, advance notice must be given.<\/p>\n<h3>First aid<\/h3>\n<p>First aid kits are available at the ticket desks and in all rooms of the Museum Center and the Visitor Information Center.<\/p>\n<h3>Accessibility<\/h3>\n<ul>\n<li>Monastery grounds<br \/>The site is flat to slightly hilly and is accessible to the public via paved paths suitable for wheelchairs. This also applies to the herb garden, the church remains, the tithe barn and the K\u00f6nigshalle. The interior of the K\u00f6nigshalle can only be reached via a spiral staircase.<\/li>\n<li>Museum Center<br \/>All floors of the museum are accessible by elevator. There is enough space for wheelchair users between the exhibits. All but two of the museum education rooms are accessible at ground level or by elevator.<\/li>\n<li>Lauresham open-air laboratory\/visitor information center<br \/>The site is level and accessible via water-bound paths. The buildings of the open-air laboratory are only accessible to a limited extent due to the protruding door thresholds. The site is below the level of the access road, but is accessible for wheelchair users via a ramp-shaped design of the visitor information center. The museum education rooms are all accessible at ground level.<\/li>\n<\/ul>\n<\/div>\n\t\t\t\t\t\t\t\t<\/div>\n\t\t\t\t<\/div>\n\t\t\t\t\t<\/div>\n\t\t<\/div>\n\t\t\t\t\t<\/div>\n\t\t<\/section>\n\t\t\t\t<\/div>\n\t\t","protected":false},"excerpt":{"rendered":"<p>Tips for your barrier-free visit If you are a visitor with restricted mobility and have any questions about accessibility, please contact us in advance by telephone on +49 (0)6251-86 92 00 or by e-mail at info@kloster-lorsch.de. Accessibility By train: ramps are available at the platforms. The station exit and entrance are accessible at ground level. &#8230; <a title=\"Accessibility\" class=\"read-more\" href=\"https:\/\/kloster-lorsch.de\/en\/planning-a-visit\/accessibility\/\" aria-label=\"Read more about Accessibility\">Read more<\/a><\/p>\n","protected":false},"author":1,"featured_media":0,"parent":14557,"menu_order":8,"comment_status":"closed","ping_status":"closed","template":"","meta":{"footnotes":"","advanced-sidebar-menu\/link-title":"","advanced-sidebar-menu\/exclude-page":false},"class_list":["post-14575","page","type-page","status-publish"],"yoast_head":"<!-- This site is optimized with the Yoast SEO plugin v27.4 - https:\/\/yoast.com\/product\/yoast-seo-wordpress\/ -->\n<title>Accessibility - UNESCO WELTERBE KLOSTER LORSCH<\/title>\n<meta name=\"description\" content=\"If you are a visitor with restricted mobility and have any questions about accessibility, please contact us in advance by telephone on +49 (0)6251-86 92 00 or by e-mail at info@kloster-lorsch.de .\" \/>\n<meta name=\"robots\" content=\"index, follow, max-snippet:-1, max-image-preview:large, max-video-preview:-1\" \/>\n<link rel=\"canonical\" href=\"https:\/\/kloster-lorsch.de\/en\/planning-a-visit\/accessibility\/\" \/>\n<meta property=\"og:locale\" content=\"en_US\" \/>\n<meta property=\"og:type\" content=\"article\" \/>\n<meta property=\"og:title\" content=\"Accessibility - UNESCO WELTERBE KLOSTER LORSCH\" \/>\n<meta property=\"og:description\" content=\"If you are a visitor with restricted mobility and have any questions about accessibility, please contact us in advance by telephone on +49 (0)6251-86 92 00 or by e-mail at info@kloster-lorsch.de .\" \/>\n<meta property=\"og:url\" content=\"https:\/\/kloster-lorsch.de\/en\/planning-a-visit\/accessibility\/\" \/>\n<meta property=\"og:site_name\" content=\"UNESCO WELTERBE KLOSTER LORSCH\" \/>\n<meta property=\"article:publisher\" content=\"https:\/\/www.facebook.com\/klosterlorsch\" \/>\n<meta property=\"article:modified_time\" content=\"2024-02-21T13:33:50+00:00\" \/>\n<meta property=\"og:image\" content=\"https:\/\/kloster-lorsch.de\/wp-content\/uploads\/2021\/01\/lauresham-rundgang-quer-1024x561.jpg\" \/>\n<meta name=\"twitter:card\" content=\"summary_large_image\" \/>\n<meta name=\"twitter:label1\" content=\"Est. reading time\" \/>\n\t<meta name=\"twitter:data1\" content=\"4 minutes\" \/>\n<script type=\"application\/ld+json\" class=\"yoast-schema-graph\">{\"@context\":\"https:\\\/\\\/schema.org\",\"@graph\":[{\"@type\":\"WebPage\",\"@id\":\"https:\\\/\\\/kloster-lorsch.de\\\/en\\\/planning-a-visit\\\/accessibility\\\/\",\"url\":\"https:\\\/\\\/kloster-lorsch.de\\\/en\\\/planning-a-visit\\\/accessibility\\\/\",\"name\":\"Accessibility - UNESCO WELTERBE KLOSTER LORSCH\",\"isPartOf\":{\"@id\":\"https:\\\/\\\/kloster-lorsch.de\\\/en\\\/#website\"},\"primaryImageOfPage\":{\"@id\":\"https:\\\/\\\/kloster-lorsch.de\\\/en\\\/planning-a-visit\\\/accessibility\\\/#primaryimage\"},\"image\":{\"@id\":\"https:\\\/\\\/kloster-lorsch.de\\\/en\\\/planning-a-visit\\\/accessibility\\\/#primaryimage\"},\"thumbnailUrl\":\"https:\\\/\\\/kloster-lorsch.de\\\/wp-content\\\/uploads\\\/2021\\\/01\\\/lauresham-rundgang-quer-1024x561.jpg\",\"datePublished\":\"2018-05-23T08:56:36+00:00\",\"dateModified\":\"2024-02-21T13:33:50+00:00\",\"description\":\"If you are a visitor with restricted mobility and have any questions about accessibility, please contact us in advance by telephone on +49 (0)6251-86 92 00 or by e-mail at info@kloster-lorsch.de .\",\"breadcrumb\":{\"@id\":\"https:\\\/\\\/kloster-lorsch.de\\\/en\\\/planning-a-visit\\\/accessibility\\\/#breadcrumb\"},\"inLanguage\":\"en-US\",\"potentialAction\":[{\"@type\":\"ReadAction\",\"target\":[\"https:\\\/\\\/kloster-lorsch.de\\\/en\\\/planning-a-visit\\\/accessibility\\\/\"]}]},{\"@type\":\"ImageObject\",\"inLanguage\":\"en-US\",\"@id\":\"https:\\\/\\\/kloster-lorsch.de\\\/en\\\/planning-a-visit\\\/accessibility\\\/#primaryimage\",\"url\":\"https:\\\/\\\/kloster-lorsch.de\\\/wp-content\\\/uploads\\\/2021\\\/01\\\/lauresham-rundgang-quer-1024x561.jpg\",\"contentUrl\":\"https:\\\/\\\/kloster-lorsch.de\\\/wp-content\\\/uploads\\\/2021\\\/01\\\/lauresham-rundgang-quer-1024x561.jpg\"},{\"@type\":\"BreadcrumbList\",\"@id\":\"https:\\\/\\\/kloster-lorsch.de\\\/en\\\/planning-a-visit\\\/accessibility\\\/#breadcrumb\",\"itemListElement\":[{\"@type\":\"ListItem\",\"position\":1,\"name\":\"Startseite\",\"item\":\"https:\\\/\\\/kloster-lorsch.de\\\/en\\\/\"},{\"@type\":\"ListItem\",\"position\":2,\"name\":\"PLAN YOUR VISIT\",\"item\":\"https:\\\/\\\/kloster-lorsch.de\\\/en\\\/planning-a-visit\\\/\"},{\"@type\":\"ListItem\",\"position\":3,\"name\":\"Accessibility\"}]},{\"@type\":\"WebSite\",\"@id\":\"https:\\\/\\\/kloster-lorsch.de\\\/en\\\/#website\",\"url\":\"https:\\\/\\\/kloster-lorsch.de\\\/en\\\/\",\"name\":\"UNESCO WELTERBE KLOSTER LORSCH\",\"description\":\"Welterbeareal mit Freilichtlabor Lauresham\",\"publisher\":{\"@id\":\"https:\\\/\\\/kloster-lorsch.de\\\/en\\\/#organization\"},\"potentialAction\":[{\"@type\":\"SearchAction\",\"target\":{\"@type\":\"EntryPoint\",\"urlTemplate\":\"https:\\\/\\\/kloster-lorsch.de\\\/en\\\/?s={search_term_string}\"},\"query-input\":{\"@type\":\"PropertyValueSpecification\",\"valueRequired\":true,\"valueName\":\"search_term_string\"}}],\"inLanguage\":\"en-US\"},{\"@type\":\"Organization\",\"@id\":\"https:\\\/\\\/kloster-lorsch.de\\\/en\\\/#organization\",\"name\":\"UNESCO Welterbe Kloster Lorsch\",\"alternateName\":\"WEKL\",\"url\":\"https:\\\/\\\/kloster-lorsch.de\\\/en\\\/\",\"logo\":{\"@type\":\"ImageObject\",\"inLanguage\":\"en-US\",\"@id\":\"https:\\\/\\\/kloster-lorsch.de\\\/en\\\/#\\\/schema\\\/logo\\\/image\\\/\",\"url\":\"https:\\\/\\\/kloster-lorsch.de\\\/wp-content\\\/uploads\\\/2020\\\/06\\\/WEKL_logo-weiss.png\",\"contentUrl\":\"https:\\\/\\\/kloster-lorsch.de\\\/wp-content\\\/uploads\\\/2020\\\/06\\\/WEKL_logo-weiss.png\",\"width\":2742,\"height\":2370,\"caption\":\"UNESCO Welterbe Kloster Lorsch\"},\"image\":{\"@id\":\"https:\\\/\\\/kloster-lorsch.de\\\/en\\\/#\\\/schema\\\/logo\\\/image\\\/\"},\"sameAs\":[\"https:\\\/\\\/www.facebook.com\\\/klosterlorsch\",\"https:\\\/\\\/www.youtube.com\\\/channel\\\/UCscD4hbr10MaVxxOJhPpvOQ\",\"https:\\\/\\\/de.wikipedia.org\\\/wiki\\\/Kloster_Lorsch\"]}]}<\/script>\n<!-- \/ Yoast SEO plugin. -->","yoast_head_json":{"title":"Accessibility - UNESCO WELTERBE KLOSTER LORSCH","description":"If you are a visitor with restricted mobility and have any questions about accessibility, please contact us in advance by telephone on +49 (0)6251-86 92 00 or by e-mail at info@kloster-lorsch.de .","robots":{"index":"index","follow":"follow","max-snippet":"max-snippet:-1","max-image-preview":"max-image-preview:large","max-video-preview":"max-video-preview:-1"},"canonical":"https:\/\/kloster-lorsch.de\/en\/planning-a-visit\/accessibility\/","og_locale":"en_US","og_type":"article","og_title":"Accessibility - UNESCO WELTERBE KLOSTER LORSCH","og_description":"If you are a visitor with restricted mobility and have any questions about accessibility, please contact us in advance by telephone on +49 (0)6251-86 92 00 or by e-mail at info@kloster-lorsch.de .","og_url":"https:\/\/kloster-lorsch.de\/en\/planning-a-visit\/accessibility\/","og_site_name":"UNESCO WELTERBE KLOSTER LORSCH","article_publisher":"https:\/\/www.facebook.com\/klosterlorsch","article_modified_time":"2024-02-21T13:33:50+00:00","og_image":[{"url":"https:\/\/kloster-lorsch.de\/wp-content\/uploads\/2021\/01\/lauresham-rundgang-quer-1024x561.jpg","type":"","width":"","height":""}],"twitter_card":"summary_large_image","twitter_misc":{"Est. reading time":"4 minutes"},"schema":{"@context":"https:\/\/schema.org","@graph":[{"@type":"WebPage","@id":"https:\/\/kloster-lorsch.de\/en\/planning-a-visit\/accessibility\/","url":"https:\/\/kloster-lorsch.de\/en\/planning-a-visit\/accessibility\/","name":"Accessibility - UNESCO WELTERBE KLOSTER LORSCH","isPartOf":{"@id":"https:\/\/kloster-lorsch.de\/en\/#website"},"primaryImageOfPage":{"@id":"https:\/\/kloster-lorsch.de\/en\/planning-a-visit\/accessibility\/#primaryimage"},"image":{"@id":"https:\/\/kloster-lorsch.de\/en\/planning-a-visit\/accessibility\/#primaryimage"},"thumbnailUrl":"https:\/\/kloster-lorsch.de\/wp-content\/uploads\/2021\/01\/lauresham-rundgang-quer-1024x561.jpg","datePublished":"2018-05-23T08:56:36+00:00","dateModified":"2024-02-21T13:33:50+00:00","description":"If you are a visitor with restricted mobility and have any questions about accessibility, please contact us in advance by telephone on +49 (0)6251-86 92 00 or by e-mail at info@kloster-lorsch.de .","breadcrumb":{"@id":"https:\/\/kloster-lorsch.de\/en\/planning-a-visit\/accessibility\/#breadcrumb"},"inLanguage":"en-US","potentialAction":[{"@type":"ReadAction","target":["https:\/\/kloster-lorsch.de\/en\/planning-a-visit\/accessibility\/"]}]},{"@type":"ImageObject","inLanguage":"en-US","@id":"https:\/\/kloster-lorsch.de\/en\/planning-a-visit\/accessibility\/#primaryimage","url":"https:\/\/kloster-lorsch.de\/wp-content\/uploads\/2021\/01\/lauresham-rundgang-quer-1024x561.jpg","contentUrl":"https:\/\/kloster-lorsch.de\/wp-content\/uploads\/2021\/01\/lauresham-rundgang-quer-1024x561.jpg"},{"@type":"BreadcrumbList","@id":"https:\/\/kloster-lorsch.de\/en\/planning-a-visit\/accessibility\/#breadcrumb","itemListElement":[{"@type":"ListItem","position":1,"name":"Startseite","item":"https:\/\/kloster-lorsch.de\/en\/"},{"@type":"ListItem","position":2,"name":"PLAN YOUR VISIT","item":"https:\/\/kloster-lorsch.de\/en\/planning-a-visit\/"},{"@type":"ListItem","position":3,"name":"Accessibility"}]},{"@type":"WebSite","@id":"https:\/\/kloster-lorsch.de\/en\/#website","url":"https:\/\/kloster-lorsch.de\/en\/","name":"UNESCO WELTERBE KLOSTER LORSCH","description":"Welterbeareal mit Freilichtlabor Lauresham","publisher":{"@id":"https:\/\/kloster-lorsch.de\/en\/#organization"},"potentialAction":[{"@type":"SearchAction","target":{"@type":"EntryPoint","urlTemplate":"https:\/\/kloster-lorsch.de\/en\/?s={search_term_string}"},"query-input":{"@type":"PropertyValueSpecification","valueRequired":true,"valueName":"search_term_string"}}],"inLanguage":"en-US"},{"@type":"Organization","@id":"https:\/\/kloster-lorsch.de\/en\/#organization","name":"UNESCO Welterbe Kloster Lorsch","alternateName":"WEKL","url":"https:\/\/kloster-lorsch.de\/en\/","logo":{"@type":"ImageObject","inLanguage":"en-US","@id":"https:\/\/kloster-lorsch.de\/en\/#\/schema\/logo\/image\/","url":"https:\/\/kloster-lorsch.de\/wp-content\/uploads\/2020\/06\/WEKL_logo-weiss.png","contentUrl":"https:\/\/kloster-lorsch.de\/wp-content\/uploads\/2020\/06\/WEKL_logo-weiss.png","width":2742,"height":2370,"caption":"UNESCO Welterbe Kloster Lorsch"},"image":{"@id":"https:\/\/kloster-lorsch.de\/en\/#\/schema\/logo\/image\/"},"sameAs":["https:\/\/www.facebook.com\/klosterlorsch","https:\/\/www.youtube.com\/channel\/UCscD4hbr10MaVxxOJhPpvOQ","https:\/\/de.wikipedia.org\/wiki\/Kloster_Lorsch"]}]}},"_links":{"self":[{"href":"https:\/\/kloster-lorsch.de\/en\/wp-json\/wp\/v2\/pages\/14575","targetHints":{"allow":["GET"]}}],"collection":[{"href":"https:\/\/kloster-lorsch.de\/en\/wp-json\/wp\/v2\/pages"}],"about":[{"href":"https:\/\/kloster-lorsch.de\/en\/wp-json\/wp\/v2\/types\/page"}],"author":[{"embeddable":true,"href":"https:\/\/kloster-lorsch.de\/en\/wp-json\/wp\/v2\/users\/1"}],"replies":[{"embeddable":true,"href":"https:\/\/kloster-lorsch.de\/en\/wp-json\/wp\/v2\/comments?post=14575"}],"version-history":[{"count":0,"href":"https:\/\/kloster-lorsch.de\/en\/wp-json\/wp\/v2\/pages\/14575\/revisions"}],"up":[{"embeddable":true,"href":"https:\/\/kloster-lorsch.de\/en\/wp-json\/wp\/v2\/pages\/14557"}],"wp:attachment":[{"href":"https:\/\/kloster-lorsch.de\/en\/wp-json\/wp\/v2\/media?parent=14575"}],"curies":[{"name":"wp","href":"https:\/\/api.w.org\/{rel}","templated":true}]}}