{"id":17119,"date":"2025-01-30T17:08:12","date_gmt":"2025-01-30T16:08:12","guid":{"rendered":"https:\/\/kloster-lorsch.de\/?post_type=product&#038;p=17119"},"modified":"2025-01-30T17:15:07","modified_gmt":"2025-01-30T16:15:07","slug":"die-taschenwerkstatt","status":"publish","type":"product","link":"https:\/\/kloster-lorsch.de\/en\/produkt\/die-taschenwerkstatt\/","title":{"rendered":"Die Taschenwerkstatt"},"content":{"rendered":"<p>Im mittelalterlichen Alltag war Leder unverzichtbar. Man fertigte daraus Schuhe, Arbeitskleidung, Beutel, Taschen und vieles mehr.<\/p>\n<p>Nach dem Vorbild eines der sehr seltenen fr\u00fchmittelalterlichen Originalfunde wird in diesem Workshop eine kleine Ledertasche hergestellt. Daf\u00fcr zeichnen, schneiden, stanzen und n\u00e4hen wir und es entsteht eine authentische Tasche f\u00fcr Kleinkram, Geld oder Handy.<\/p>\n<p><strong>Empfohlene Altersstufen<\/strong>: Mittelstufe, Oberstufe, Erwachsene<\/p>\n<p><strong>Maximale Gruppengr\u00f6\u00dfe:<\/strong> 20 Personen<\/p>\n<p><strong>Veranstaltungsort: <\/strong>Freilichtlabor Lauresham (Besucherinformationszentrum)<\/p>\n<p><strong>Dauer: <\/strong>3 Stunden (quadratische Tasche) mit Rundgang und Pause<br \/>\n4 Stunden (quadratische oder rechteckige Tasche im Handyformat) mit Rundgang und Pause<\/p>\n<p><strong>Buchbar:<\/strong> ganzj\u00e4hrig<\/p>\n","protected":false},"excerpt":{"rendered":"<p>Ledertaschen nach mittelalterlichem Vorbild<\/p>\n","protected":false},"featured_media":17120,"template":"","meta":[],"product_brand":[],"product_cat":[320,349,348,335],"product_tag":[339,341,346,347,350],"class_list":{"0":"post-17119","1":"product","2":"type-product","3":"status-publish","4":"has-post-thumbnail","6":"product_cat-handwerkskuenste","7":"product_cat-mittelstufe","8":"product_cat-oberstufe","9":"product_cat-erwachsene","10":"product_tag-familien","11":"product_tag-kindergeburtstag","12":"product_tag-firmen-vereine","13":"product_tag-lehrkraft-fortbildung","14":"product_tag-schulklassen","16":"first","17":"instock","18":"shipping-taxable","19":"product-type-simple"},"yoast_head":"<!-- This site is optimized with the Yoast SEO plugin v27.5 - https:\/\/yoast.com\/product\/yoast-seo-wordpress\/ -->\n<title>Die Taschenwerkstatt - UNESCO WELTERBE KLOSTER LORSCH<\/title>\n<meta name=\"robots\" content=\"index, follow, max-snippet:-1, max-image-preview:large, max-video-preview:-1\" \/>\n<link rel=\"canonical\" href=\"https:\/\/kloster-lorsch.de\/en\/produkt\/die-taschenwerkstatt\/\" \/>\n<meta property=\"og:locale\" content=\"en_US\" \/>\n<meta property=\"og:type\" content=\"article\" \/>\n<meta property=\"og:title\" content=\"Die Taschenwerkstatt - UNESCO WELTERBE KLOSTER LORSCH\" \/>\n<meta property=\"og:description\" content=\"Ledertaschen nach mittelalterlichem Vorbild\" \/>\n<meta property=\"og:url\" content=\"https:\/\/kloster-lorsch.de\/en\/produkt\/die-taschenwerkstatt\/\" \/>\n<meta property=\"og:site_name\" content=\"UNESCO WELTERBE KLOSTER LORSCH\" \/>\n<meta property=\"article:publisher\" content=\"https:\/\/www.facebook.com\/klosterlorsch\" \/>\n<meta property=\"article:modified_time\" content=\"2025-01-30T16:15:07+00:00\" \/>\n<meta property=\"og:image\" content=\"https:\/\/kloster-lorsch.de\/wp-content\/uploads\/2025\/01\/Mupaed-Workshop-Ledertaschen-herstellen-Homepagefotos-Bildnachweis-Florian-Saum-IMG_20250122_131402-scaled.jpg\" \/>\n\t<meta property=\"og:image:width\" content=\"2560\" \/>\n\t<meta property=\"og:image:height\" content=\"1920\" \/>\n\t<meta property=\"og:image:type\" content=\"image\/jpeg\" \/>\n<meta name=\"twitter:card\" content=\"summary_large_image\" \/>\n<meta name=\"twitter:label1\" content=\"Est. reading time\" \/>\n\t<meta name=\"twitter:data1\" content=\"1 minute\" \/>\n<script type=\"application\/ld+json\" class=\"yoast-schema-graph\">{\"@context\":\"https:\\\/\\\/schema.org\",\"@graph\":[{\"@type\":\"WebPage\",\"@id\":\"https:\\\/\\\/kloster-lorsch.de\\\/en\\\/produkt\\\/die-taschenwerkstatt\\\/\",\"url\":\"https:\\\/\\\/kloster-lorsch.de\\\/en\\\/produkt\\\/die-taschenwerkstatt\\\/\",\"name\":\"Die Taschenwerkstatt - UNESCO WELTERBE KLOSTER LORSCH\",\"isPartOf\":{\"@id\":\"https:\\\/\\\/kloster-lorsch.de\\\/en\\\/#website\"},\"primaryImageOfPage\":{\"@id\":\"https:\\\/\\\/kloster-lorsch.de\\\/en\\\/produkt\\\/die-taschenwerkstatt\\\/#primaryimage\"},\"image\":{\"@id\":\"https:\\\/\\\/kloster-lorsch.de\\\/en\\\/produkt\\\/die-taschenwerkstatt\\\/#primaryimage\"},\"thumbnailUrl\":\"https:\\\/\\\/kloster-lorsch.de\\\/wp-content\\\/uploads\\\/2025\\\/01\\\/Mupaed-Workshop-Ledertaschen-herstellen-Homepagefotos-Bildnachweis-Florian-Saum-IMG_20250122_131402-scaled.jpg\",\"datePublished\":\"2025-01-30T16:08:12+00:00\",\"dateModified\":\"2025-01-30T16:15:07+00:00\",\"breadcrumb\":{\"@id\":\"https:\\\/\\\/kloster-lorsch.de\\\/en\\\/produkt\\\/die-taschenwerkstatt\\\/#breadcrumb\"},\"inLanguage\":\"en-US\",\"potentialAction\":[{\"@type\":\"ReadAction\",\"target\":[\"https:\\\/\\\/kloster-lorsch.de\\\/en\\\/produkt\\\/die-taschenwerkstatt\\\/\"]}]},{\"@type\":\"ImageObject\",\"inLanguage\":\"en-US\",\"@id\":\"https:\\\/\\\/kloster-lorsch.de\\\/en\\\/produkt\\\/die-taschenwerkstatt\\\/#primaryimage\",\"url\":\"https:\\\/\\\/kloster-lorsch.de\\\/wp-content\\\/uploads\\\/2025\\\/01\\\/Mupaed-Workshop-Ledertaschen-herstellen-Homepagefotos-Bildnachweis-Florian-Saum-IMG_20250122_131402-scaled.jpg\",\"contentUrl\":\"https:\\\/\\\/kloster-lorsch.de\\\/wp-content\\\/uploads\\\/2025\\\/01\\\/Mupaed-Workshop-Ledertaschen-herstellen-Homepagefotos-Bildnachweis-Florian-Saum-IMG_20250122_131402-scaled.jpg\",\"width\":2560,\"height\":1920},{\"@type\":\"BreadcrumbList\",\"@id\":\"https:\\\/\\\/kloster-lorsch.de\\\/en\\\/produkt\\\/die-taschenwerkstatt\\\/#breadcrumb\",\"itemListElement\":[{\"@type\":\"ListItem\",\"position\":1,\"name\":\"Startseite\",\"item\":\"https:\\\/\\\/kloster-lorsch.de\\\/en\\\/\"},{\"@type\":\"ListItem\",\"position\":2,\"name\":\"Buchbare Angebote\",\"item\":\"https:\\\/\\\/kloster-lorsch.de\\\/kurse-workshops\\\/angebote\\\/\"},{\"@type\":\"ListItem\",\"position\":3,\"name\":\"Die Taschenwerkstatt\"}]},{\"@type\":\"WebSite\",\"@id\":\"https:\\\/\\\/kloster-lorsch.de\\\/en\\\/#website\",\"url\":\"https:\\\/\\\/kloster-lorsch.de\\\/en\\\/\",\"name\":\"UNESCO WELTERBE KLOSTER LORSCH\",\"description\":\"Welterbeareal mit Freilichtlabor Lauresham\",\"publisher\":{\"@id\":\"https:\\\/\\\/kloster-lorsch.de\\\/en\\\/#organization\"},\"potentialAction\":[{\"@type\":\"SearchAction\",\"target\":{\"@type\":\"EntryPoint\",\"urlTemplate\":\"https:\\\/\\\/kloster-lorsch.de\\\/en\\\/?s={search_term_string}\"},\"query-input\":{\"@type\":\"PropertyValueSpecification\",\"valueRequired\":true,\"valueName\":\"search_term_string\"}}],\"inLanguage\":\"en-US\"},{\"@type\":\"Organization\",\"@id\":\"https:\\\/\\\/kloster-lorsch.de\\\/en\\\/#organization\",\"name\":\"UNESCO Welterbe Kloster Lorsch\",\"alternateName\":\"WEKL\",\"url\":\"https:\\\/\\\/kloster-lorsch.de\\\/en\\\/\",\"logo\":{\"@type\":\"ImageObject\",\"inLanguage\":\"en-US\",\"@id\":\"https:\\\/\\\/kloster-lorsch.de\\\/en\\\/#\\\/schema\\\/logo\\\/image\\\/\",\"url\":\"https:\\\/\\\/kloster-lorsch.de\\\/wp-content\\\/uploads\\\/2020\\\/06\\\/WEKL_logo-weiss.png\",\"contentUrl\":\"https:\\\/\\\/kloster-lorsch.de\\\/wp-content\\\/uploads\\\/2020\\\/06\\\/WEKL_logo-weiss.png\",\"width\":2742,\"height\":2370,\"caption\":\"UNESCO Welterbe Kloster Lorsch\"},\"image\":{\"@id\":\"https:\\\/\\\/kloster-lorsch.de\\\/en\\\/#\\\/schema\\\/logo\\\/image\\\/\"},\"sameAs\":[\"https:\\\/\\\/www.facebook.com\\\/klosterlorsch\",\"https:\\\/\\\/www.youtube.com\\\/channel\\\/UCscD4hbr10MaVxxOJhPpvOQ\",\"https:\\\/\\\/de.wikipedia.org\\\/wiki\\\/Kloster_Lorsch\"]}]}<\/script>\n<!-- \/ Yoast SEO plugin. -->","yoast_head_json":{"title":"Die Taschenwerkstatt - UNESCO WELTERBE KLOSTER LORSCH","robots":{"index":"index","follow":"follow","max-snippet":"max-snippet:-1","max-image-preview":"max-image-preview:large","max-video-preview":"max-video-preview:-1"},"canonical":"https:\/\/kloster-lorsch.de\/en\/produkt\/die-taschenwerkstatt\/","og_locale":"en_US","og_type":"article","og_title":"Die Taschenwerkstatt - UNESCO WELTERBE KLOSTER LORSCH","og_description":"Ledertaschen nach mittelalterlichem Vorbild","og_url":"https:\/\/kloster-lorsch.de\/en\/produkt\/die-taschenwerkstatt\/","og_site_name":"UNESCO WELTERBE KLOSTER LORSCH","article_publisher":"https:\/\/www.facebook.com\/klosterlorsch","article_modified_time":"2025-01-30T16:15:07+00:00","og_image":[{"width":2560,"height":1920,"url":"https:\/\/kloster-lorsch.de\/wp-content\/uploads\/2025\/01\/Mupaed-Workshop-Ledertaschen-herstellen-Homepagefotos-Bildnachweis-Florian-Saum-IMG_20250122_131402-scaled.jpg","type":"image\/jpeg"}],"twitter_card":"summary_large_image","twitter_misc":{"Est. reading time":"1 minute"},"schema":{"@context":"https:\/\/schema.org","@graph":[{"@type":"WebPage","@id":"https:\/\/kloster-lorsch.de\/en\/produkt\/die-taschenwerkstatt\/","url":"https:\/\/kloster-lorsch.de\/en\/produkt\/die-taschenwerkstatt\/","name":"Die Taschenwerkstatt - UNESCO WELTERBE KLOSTER LORSCH","isPartOf":{"@id":"https:\/\/kloster-lorsch.de\/en\/#website"},"primaryImageOfPage":{"@id":"https:\/\/kloster-lorsch.de\/en\/produkt\/die-taschenwerkstatt\/#primaryimage"},"image":{"@id":"https:\/\/kloster-lorsch.de\/en\/produkt\/die-taschenwerkstatt\/#primaryimage"},"thumbnailUrl":"https:\/\/kloster-lorsch.de\/wp-content\/uploads\/2025\/01\/Mupaed-Workshop-Ledertaschen-herstellen-Homepagefotos-Bildnachweis-Florian-Saum-IMG_20250122_131402-scaled.jpg","datePublished":"2025-01-30T16:08:12+00:00","dateModified":"2025-01-30T16:15:07+00:00","breadcrumb":{"@id":"https:\/\/kloster-lorsch.de\/en\/produkt\/die-taschenwerkstatt\/#breadcrumb"},"inLanguage":"en-US","potentialAction":[{"@type":"ReadAction","target":["https:\/\/kloster-lorsch.de\/en\/produkt\/die-taschenwerkstatt\/"]}]},{"@type":"ImageObject","inLanguage":"en-US","@id":"https:\/\/kloster-lorsch.de\/en\/produkt\/die-taschenwerkstatt\/#primaryimage","url":"https:\/\/kloster-lorsch.de\/wp-content\/uploads\/2025\/01\/Mupaed-Workshop-Ledertaschen-herstellen-Homepagefotos-Bildnachweis-Florian-Saum-IMG_20250122_131402-scaled.jpg","contentUrl":"https:\/\/kloster-lorsch.de\/wp-content\/uploads\/2025\/01\/Mupaed-Workshop-Ledertaschen-herstellen-Homepagefotos-Bildnachweis-Florian-Saum-IMG_20250122_131402-scaled.jpg","width":2560,"height":1920},{"@type":"BreadcrumbList","@id":"https:\/\/kloster-lorsch.de\/en\/produkt\/die-taschenwerkstatt\/#breadcrumb","itemListElement":[{"@type":"ListItem","position":1,"name":"Startseite","item":"https:\/\/kloster-lorsch.de\/en\/"},{"@type":"ListItem","position":2,"name":"Buchbare Angebote","item":"https:\/\/kloster-lorsch.de\/kurse-workshops\/angebote\/"},{"@type":"ListItem","position":3,"name":"Die Taschenwerkstatt"}]},{"@type":"WebSite","@id":"https:\/\/kloster-lorsch.de\/en\/#website","url":"https:\/\/kloster-lorsch.de\/en\/","name":"UNESCO WELTERBE KLOSTER LORSCH","description":"Welterbeareal mit Freilichtlabor Lauresham","publisher":{"@id":"https:\/\/kloster-lorsch.de\/en\/#organization"},"potentialAction":[{"@type":"SearchAction","target":{"@type":"EntryPoint","urlTemplate":"https:\/\/kloster-lorsch.de\/en\/?s={search_term_string}"},"query-input":{"@type":"PropertyValueSpecification","valueRequired":true,"valueName":"search_term_string"}}],"inLanguage":"en-US"},{"@type":"Organization","@id":"https:\/\/kloster-lorsch.de\/en\/#organization","name":"UNESCO Welterbe Kloster Lorsch","alternateName":"WEKL","url":"https:\/\/kloster-lorsch.de\/en\/","logo":{"@type":"ImageObject","inLanguage":"en-US","@id":"https:\/\/kloster-lorsch.de\/en\/#\/schema\/logo\/image\/","url":"https:\/\/kloster-lorsch.de\/wp-content\/uploads\/2020\/06\/WEKL_logo-weiss.png","contentUrl":"https:\/\/kloster-lorsch.de\/wp-content\/uploads\/2020\/06\/WEKL_logo-weiss.png","width":2742,"height":2370,"caption":"UNESCO Welterbe Kloster Lorsch"},"image":{"@id":"https:\/\/kloster-lorsch.de\/en\/#\/schema\/logo\/image\/"},"sameAs":["https:\/\/www.facebook.com\/klosterlorsch","https:\/\/www.youtube.com\/channel\/UCscD4hbr10MaVxxOJhPpvOQ","https:\/\/de.wikipedia.org\/wiki\/Kloster_Lorsch"]}]}},"_links":{"self":[{"href":"https:\/\/kloster-lorsch.de\/en\/wp-json\/wp\/v2\/product\/17119","targetHints":{"allow":["GET"]}}],"collection":[{"href":"https:\/\/kloster-lorsch.de\/en\/wp-json\/wp\/v2\/product"}],"about":[{"href":"https:\/\/kloster-lorsch.de\/en\/wp-json\/wp\/v2\/types\/product"}],"version-history":[{"count":0,"href":"https:\/\/kloster-lorsch.de\/en\/wp-json\/wp\/v2\/product\/17119\/revisions"}],"wp:featuredmedia":[{"embeddable":true,"href":"https:\/\/kloster-lorsch.de\/en\/wp-json\/wp\/v2\/media\/17120"}],"wp:attachment":[{"href":"https:\/\/kloster-lorsch.de\/en\/wp-json\/wp\/v2\/media?parent=17119"}],"wp:term":[{"taxonomy":"product_brand","embeddable":true,"href":"https:\/\/kloster-lorsch.de\/en\/wp-json\/wp\/v2\/product_brand?post=17119"},{"taxonomy":"product_cat","embeddable":true,"href":"https:\/\/kloster-lorsch.de\/en\/wp-json\/wp\/v2\/product_cat?post=17119"},{"taxonomy":"product_tag","embeddable":true,"href":"https:\/\/kloster-lorsch.de\/en\/wp-json\/wp\/v2\/product_tag?post=17119"}],"curies":[{"name":"wp","href":"https:\/\/api.w.org\/{rel}","templated":true}]}}