{"id":2192,"date":"2020-11-13T08:33:25","date_gmt":"2020-11-13T06:33:25","guid":{"rendered":"https:\/\/kloster.lorsch.de\/?p=2192"},"modified":"2023-09-01T09:08:35","modified_gmt":"2023-09-01T07:08:35","slug":"eine-zierde-aus-tausend-blueten","status":"publish","type":"product","link":"https:\/\/kloster-lorsch.de\/en\/produkt\/eine-zierde-aus-tausend-blueten\/","title":{"rendered":"Eine Zierde aus tausend Bl\u00fcten"},"content":{"rendered":"<p>Im Mittelalter war Schmuck aus Glasperlen sehr beliebt und verbreitet. Die Perlen zeugten vom Reichtum ihrer Besitzer, ob als Kette oder als Amulette erg\u00e4nzten sie die Tracht, sowohl der Frauen, als auch der M\u00e4nner. Nach deren Vorbild stellen wir bunte Perlen aus Modelliermasse her, die zu Ketten oder Schl\u00fcsselanh\u00e4ngern weiterverarbeitet werden k\u00f6nnen.<\/p>\n<p><strong>Empfohlene Altersstufen<\/strong><strong>:<\/strong> Grundschule\/ Unter- und Mittelstufe<\/p>\n<p><strong>Veranstaltungsort:<\/strong> Lauresham (Besucherinformationszentrum)<\/p>\n<p><strong>Dauer:<\/strong> 3 Stunden (mit Rundgang und Pause),<br \/>\n4 Stunden (mit ausf\u00fchrlichem Rundgang und Pause)<\/p>\n<p><strong>Buchbar:<\/strong> ganzj\u00e4hrig<\/p>\n<p><em>\u00a0<\/em><\/p>\n","protected":false},"excerpt":{"rendered":"<p>Handwerksk\u00fcnste: Glasperlen<\/p>\n","protected":false},"featured_media":11533,"template":"","meta":[],"product_brand":[],"product_cat":[320,331,332,349],"product_tag":[339,341,350],"class_list":{"0":"post-2192","1":"product","2":"type-product","3":"status-publish","4":"has-post-thumbnail","6":"product_cat-handwerkskuenste","7":"product_cat-grundschule","8":"product_cat-unterstufe","9":"product_cat-mittelstufe","10":"product_tag-familien","11":"product_tag-kindergeburtstag","12":"product_tag-schulklassen","14":"first","15":"instock","16":"shipping-taxable","17":"product-type-simple"},"yoast_head":"<!-- This site is optimized with the Yoast SEO plugin v27.5 - https:\/\/yoast.com\/product\/yoast-seo-wordpress\/ -->\n<title>Eine Zierde aus tausend Bl\u00fcten - UNESCO WELTERBE KLOSTER LORSCH<\/title>\n<meta name=\"robots\" content=\"index, follow, max-snippet:-1, max-image-preview:large, max-video-preview:-1\" \/>\n<link rel=\"canonical\" href=\"https:\/\/kloster-lorsch.de\/en\/produkt\/eine-zierde-aus-tausend-blueten\/\" \/>\n<meta property=\"og:locale\" content=\"en_US\" \/>\n<meta property=\"og:type\" content=\"article\" \/>\n<meta property=\"og:title\" content=\"Eine Zierde aus tausend Bl\u00fcten - UNESCO WELTERBE KLOSTER LORSCH\" \/>\n<meta property=\"og:description\" content=\"Handwerksk\u00fcnste: Glasperlen\" \/>\n<meta property=\"og:url\" content=\"https:\/\/kloster-lorsch.de\/en\/produkt\/eine-zierde-aus-tausend-blueten\/\" \/>\n<meta property=\"og:site_name\" content=\"UNESCO WELTERBE KLOSTER LORSCH\" \/>\n<meta property=\"article:publisher\" content=\"https:\/\/www.facebook.com\/klosterlorsch\" \/>\n<meta property=\"article:modified_time\" content=\"2023-09-01T07:08:35+00:00\" \/>\n<meta property=\"og:image\" content=\"https:\/\/kloster-lorsch.de\/wp-content\/uploads\/2020\/12\/D4-Foto.jpg\" \/>\n\t<meta property=\"og:image:width\" content=\"1600\" \/>\n\t<meta property=\"og:image:height\" content=\"1067\" \/>\n\t<meta property=\"og:image:type\" content=\"image\/jpeg\" \/>\n<meta name=\"twitter:card\" content=\"summary_large_image\" \/>\n<meta name=\"twitter:label1\" content=\"Est. reading time\" \/>\n\t<meta name=\"twitter:data1\" content=\"1 minute\" \/>\n<script type=\"application\/ld+json\" class=\"yoast-schema-graph\">{\"@context\":\"https:\\\/\\\/schema.org\",\"@graph\":[{\"@type\":\"WebPage\",\"@id\":\"https:\\\/\\\/kloster-lorsch.de\\\/en\\\/produkt\\\/eine-zierde-aus-tausend-blueten\\\/\",\"url\":\"https:\\\/\\\/kloster-lorsch.de\\\/en\\\/produkt\\\/eine-zierde-aus-tausend-blueten\\\/\",\"name\":\"Eine Zierde aus tausend Bl\u00fcten - UNESCO WELTERBE KLOSTER LORSCH\",\"isPartOf\":{\"@id\":\"https:\\\/\\\/kloster-lorsch.de\\\/en\\\/#website\"},\"primaryImageOfPage\":{\"@id\":\"https:\\\/\\\/kloster-lorsch.de\\\/en\\\/produkt\\\/eine-zierde-aus-tausend-blueten\\\/#primaryimage\"},\"image\":{\"@id\":\"https:\\\/\\\/kloster-lorsch.de\\\/en\\\/produkt\\\/eine-zierde-aus-tausend-blueten\\\/#primaryimage\"},\"thumbnailUrl\":\"https:\\\/\\\/kloster-lorsch.de\\\/wp-content\\\/uploads\\\/2020\\\/12\\\/D4-Foto.jpg\",\"datePublished\":\"2020-11-13T06:33:25+00:00\",\"dateModified\":\"2023-09-01T07:08:35+00:00\",\"breadcrumb\":{\"@id\":\"https:\\\/\\\/kloster-lorsch.de\\\/en\\\/produkt\\\/eine-zierde-aus-tausend-blueten\\\/#breadcrumb\"},\"inLanguage\":\"en-US\",\"potentialAction\":[{\"@type\":\"ReadAction\",\"target\":[\"https:\\\/\\\/kloster-lorsch.de\\\/en\\\/produkt\\\/eine-zierde-aus-tausend-blueten\\\/\"]}]},{\"@type\":\"ImageObject\",\"inLanguage\":\"en-US\",\"@id\":\"https:\\\/\\\/kloster-lorsch.de\\\/en\\\/produkt\\\/eine-zierde-aus-tausend-blueten\\\/#primaryimage\",\"url\":\"https:\\\/\\\/kloster-lorsch.de\\\/wp-content\\\/uploads\\\/2020\\\/12\\\/D4-Foto.jpg\",\"contentUrl\":\"https:\\\/\\\/kloster-lorsch.de\\\/wp-content\\\/uploads\\\/2020\\\/12\\\/D4-Foto.jpg\",\"width\":1600,\"height\":1067,\"caption\":\"Bunte Perlen erstellen\"},{\"@type\":\"BreadcrumbList\",\"@id\":\"https:\\\/\\\/kloster-lorsch.de\\\/en\\\/produkt\\\/eine-zierde-aus-tausend-blueten\\\/#breadcrumb\",\"itemListElement\":[{\"@type\":\"ListItem\",\"position\":1,\"name\":\"Startseite\",\"item\":\"https:\\\/\\\/kloster-lorsch.de\\\/en\\\/\"},{\"@type\":\"ListItem\",\"position\":2,\"name\":\"Buchbare Angebote\",\"item\":\"https:\\\/\\\/kloster-lorsch.de\\\/kurse-workshops\\\/angebote\\\/\"},{\"@type\":\"ListItem\",\"position\":3,\"name\":\"Eine Zierde aus tausend Bl\u00fcten\"}]},{\"@type\":\"WebSite\",\"@id\":\"https:\\\/\\\/kloster-lorsch.de\\\/en\\\/#website\",\"url\":\"https:\\\/\\\/kloster-lorsch.de\\\/en\\\/\",\"name\":\"UNESCO WELTERBE KLOSTER LORSCH\",\"description\":\"Welterbeareal mit Freilichtlabor Lauresham\",\"publisher\":{\"@id\":\"https:\\\/\\\/kloster-lorsch.de\\\/en\\\/#organization\"},\"potentialAction\":[{\"@type\":\"SearchAction\",\"target\":{\"@type\":\"EntryPoint\",\"urlTemplate\":\"https:\\\/\\\/kloster-lorsch.de\\\/en\\\/?s={search_term_string}\"},\"query-input\":{\"@type\":\"PropertyValueSpecification\",\"valueRequired\":true,\"valueName\":\"search_term_string\"}}],\"inLanguage\":\"en-US\"},{\"@type\":\"Organization\",\"@id\":\"https:\\\/\\\/kloster-lorsch.de\\\/en\\\/#organization\",\"name\":\"UNESCO Welterbe Kloster Lorsch\",\"alternateName\":\"WEKL\",\"url\":\"https:\\\/\\\/kloster-lorsch.de\\\/en\\\/\",\"logo\":{\"@type\":\"ImageObject\",\"inLanguage\":\"en-US\",\"@id\":\"https:\\\/\\\/kloster-lorsch.de\\\/en\\\/#\\\/schema\\\/logo\\\/image\\\/\",\"url\":\"https:\\\/\\\/kloster-lorsch.de\\\/wp-content\\\/uploads\\\/2020\\\/06\\\/WEKL_logo-weiss.png\",\"contentUrl\":\"https:\\\/\\\/kloster-lorsch.de\\\/wp-content\\\/uploads\\\/2020\\\/06\\\/WEKL_logo-weiss.png\",\"width\":2742,\"height\":2370,\"caption\":\"UNESCO Welterbe Kloster Lorsch\"},\"image\":{\"@id\":\"https:\\\/\\\/kloster-lorsch.de\\\/en\\\/#\\\/schema\\\/logo\\\/image\\\/\"},\"sameAs\":[\"https:\\\/\\\/www.facebook.com\\\/klosterlorsch\",\"https:\\\/\\\/www.youtube.com\\\/channel\\\/UCscD4hbr10MaVxxOJhPpvOQ\",\"https:\\\/\\\/de.wikipedia.org\\\/wiki\\\/Kloster_Lorsch\"]}]}<\/script>\n<!-- \/ Yoast SEO plugin. -->","yoast_head_json":{"title":"Eine Zierde aus tausend Bl\u00fcten - UNESCO WELTERBE KLOSTER LORSCH","robots":{"index":"index","follow":"follow","max-snippet":"max-snippet:-1","max-image-preview":"max-image-preview:large","max-video-preview":"max-video-preview:-1"},"canonical":"https:\/\/kloster-lorsch.de\/en\/produkt\/eine-zierde-aus-tausend-blueten\/","og_locale":"en_US","og_type":"article","og_title":"Eine Zierde aus tausend Bl\u00fcten - UNESCO WELTERBE KLOSTER LORSCH","og_description":"Handwerksk\u00fcnste: Glasperlen","og_url":"https:\/\/kloster-lorsch.de\/en\/produkt\/eine-zierde-aus-tausend-blueten\/","og_site_name":"UNESCO WELTERBE KLOSTER LORSCH","article_publisher":"https:\/\/www.facebook.com\/klosterlorsch","article_modified_time":"2023-09-01T07:08:35+00:00","og_image":[{"width":1600,"height":1067,"url":"https:\/\/kloster-lorsch.de\/wp-content\/uploads\/2020\/12\/D4-Foto.jpg","type":"image\/jpeg"}],"twitter_card":"summary_large_image","twitter_misc":{"Est. reading time":"1 minute"},"schema":{"@context":"https:\/\/schema.org","@graph":[{"@type":"WebPage","@id":"https:\/\/kloster-lorsch.de\/en\/produkt\/eine-zierde-aus-tausend-blueten\/","url":"https:\/\/kloster-lorsch.de\/en\/produkt\/eine-zierde-aus-tausend-blueten\/","name":"Eine Zierde aus tausend Bl\u00fcten - UNESCO WELTERBE KLOSTER LORSCH","isPartOf":{"@id":"https:\/\/kloster-lorsch.de\/en\/#website"},"primaryImageOfPage":{"@id":"https:\/\/kloster-lorsch.de\/en\/produkt\/eine-zierde-aus-tausend-blueten\/#primaryimage"},"image":{"@id":"https:\/\/kloster-lorsch.de\/en\/produkt\/eine-zierde-aus-tausend-blueten\/#primaryimage"},"thumbnailUrl":"https:\/\/kloster-lorsch.de\/wp-content\/uploads\/2020\/12\/D4-Foto.jpg","datePublished":"2020-11-13T06:33:25+00:00","dateModified":"2023-09-01T07:08:35+00:00","breadcrumb":{"@id":"https:\/\/kloster-lorsch.de\/en\/produkt\/eine-zierde-aus-tausend-blueten\/#breadcrumb"},"inLanguage":"en-US","potentialAction":[{"@type":"ReadAction","target":["https:\/\/kloster-lorsch.de\/en\/produkt\/eine-zierde-aus-tausend-blueten\/"]}]},{"@type":"ImageObject","inLanguage":"en-US","@id":"https:\/\/kloster-lorsch.de\/en\/produkt\/eine-zierde-aus-tausend-blueten\/#primaryimage","url":"https:\/\/kloster-lorsch.de\/wp-content\/uploads\/2020\/12\/D4-Foto.jpg","contentUrl":"https:\/\/kloster-lorsch.de\/wp-content\/uploads\/2020\/12\/D4-Foto.jpg","width":1600,"height":1067,"caption":"Bunte Perlen erstellen"},{"@type":"BreadcrumbList","@id":"https:\/\/kloster-lorsch.de\/en\/produkt\/eine-zierde-aus-tausend-blueten\/#breadcrumb","itemListElement":[{"@type":"ListItem","position":1,"name":"Startseite","item":"https:\/\/kloster-lorsch.de\/en\/"},{"@type":"ListItem","position":2,"name":"Buchbare Angebote","item":"https:\/\/kloster-lorsch.de\/kurse-workshops\/angebote\/"},{"@type":"ListItem","position":3,"name":"Eine Zierde aus tausend Bl\u00fcten"}]},{"@type":"WebSite","@id":"https:\/\/kloster-lorsch.de\/en\/#website","url":"https:\/\/kloster-lorsch.de\/en\/","name":"UNESCO WELTERBE KLOSTER LORSCH","description":"Welterbeareal mit Freilichtlabor Lauresham","publisher":{"@id":"https:\/\/kloster-lorsch.de\/en\/#organization"},"potentialAction":[{"@type":"SearchAction","target":{"@type":"EntryPoint","urlTemplate":"https:\/\/kloster-lorsch.de\/en\/?s={search_term_string}"},"query-input":{"@type":"PropertyValueSpecification","valueRequired":true,"valueName":"search_term_string"}}],"inLanguage":"en-US"},{"@type":"Organization","@id":"https:\/\/kloster-lorsch.de\/en\/#organization","name":"UNESCO Welterbe Kloster Lorsch","alternateName":"WEKL","url":"https:\/\/kloster-lorsch.de\/en\/","logo":{"@type":"ImageObject","inLanguage":"en-US","@id":"https:\/\/kloster-lorsch.de\/en\/#\/schema\/logo\/image\/","url":"https:\/\/kloster-lorsch.de\/wp-content\/uploads\/2020\/06\/WEKL_logo-weiss.png","contentUrl":"https:\/\/kloster-lorsch.de\/wp-content\/uploads\/2020\/06\/WEKL_logo-weiss.png","width":2742,"height":2370,"caption":"UNESCO Welterbe Kloster Lorsch"},"image":{"@id":"https:\/\/kloster-lorsch.de\/en\/#\/schema\/logo\/image\/"},"sameAs":["https:\/\/www.facebook.com\/klosterlorsch","https:\/\/www.youtube.com\/channel\/UCscD4hbr10MaVxxOJhPpvOQ","https:\/\/de.wikipedia.org\/wiki\/Kloster_Lorsch"]}]}},"_links":{"self":[{"href":"https:\/\/kloster-lorsch.de\/en\/wp-json\/wp\/v2\/product\/2192","targetHints":{"allow":["GET"]}}],"collection":[{"href":"https:\/\/kloster-lorsch.de\/en\/wp-json\/wp\/v2\/product"}],"about":[{"href":"https:\/\/kloster-lorsch.de\/en\/wp-json\/wp\/v2\/types\/product"}],"version-history":[{"count":0,"href":"https:\/\/kloster-lorsch.de\/en\/wp-json\/wp\/v2\/product\/2192\/revisions"}],"wp:featuredmedia":[{"embeddable":true,"href":"https:\/\/kloster-lorsch.de\/en\/wp-json\/wp\/v2\/media\/11533"}],"wp:attachment":[{"href":"https:\/\/kloster-lorsch.de\/en\/wp-json\/wp\/v2\/media?parent=2192"}],"wp:term":[{"taxonomy":"product_brand","embeddable":true,"href":"https:\/\/kloster-lorsch.de\/en\/wp-json\/wp\/v2\/product_brand?post=2192"},{"taxonomy":"product_cat","embeddable":true,"href":"https:\/\/kloster-lorsch.de\/en\/wp-json\/wp\/v2\/product_cat?post=2192"},{"taxonomy":"product_tag","embeddable":true,"href":"https:\/\/kloster-lorsch.de\/en\/wp-json\/wp\/v2\/product_tag?post=2192"}],"curies":[{"name":"wp","href":"https:\/\/api.w.org\/{rel}","templated":true}]}}