{"id":2200,"date":"2020-11-13T08:36:50","date_gmt":"2020-11-13T06:36:50","guid":{"rendered":"https:\/\/kloster.lorsch.de\/?p=2200"},"modified":"2023-09-15T11:33:20","modified_gmt":"2023-09-15T09:33:20","slug":"die-knochenschnitzerei","status":"publish","type":"product","link":"https:\/\/kloster-lorsch.de\/en\/produkt\/die-knochenschnitzerei\/","title":{"rendered":"Die Knochenschnitzerei"},"content":{"rendered":"<p>Tierknochen waren im Mittelalter ein wichtiger Rohstoff: Im kl\u00f6sterlichen Bereich wurden aus Knochen geschnitzte Schreibgriffel verwendet, im Alltagsgebrauch waren vor allem K\u00e4mme, Nadeln, W\u00fcrfel und Spielfiguren. Mit allerhand Werkzeug legen wir selbst Hand an. So entstehen mit Geduld und Phantasie kleine Kunstwerke aus Knochenpl\u00e4ttchen aus dem Mittelfu\u00dfknochen des Rindes.<\/p>\n<p><strong>Empfohlene Altersstufen<\/strong>: Unter-, Mittel- und Oberstufe, Erwachsene<\/p>\n<p><strong>Maximale Gruppengr\u00f6\u00dfe:<\/strong> 15 Personen<\/p>\n<p><strong>Veranstaltungsort:<\/strong> Freilichtlabor Lauresham (Besucherinformationszentrum)<\/p>\n<p><strong>Dauer:<\/strong> 3 Stunden (mit Rundgang und Pause),<br \/>\n4 Stunden (mit ausf\u00fchrlichem Rundgang und Pause)<\/p>\n<p><strong>Buchbar:<\/strong> ganzj\u00e4hrig<\/p>\n","protected":false},"excerpt":{"rendered":"<p>\u201eSchnitzereien\u201c aus Knochenpl\u00e4ttchen<\/p>\n","protected":false},"featured_media":11759,"template":"","meta":[],"product_brand":[],"product_cat":[320,332,349,348,335],"product_tag":[350,339,341,346,347],"class_list":{"0":"post-2200","1":"product","2":"type-product","3":"status-publish","4":"has-post-thumbnail","6":"product_cat-handwerkskuenste","7":"product_cat-unterstufe","8":"product_cat-mittelstufe","9":"product_cat-oberstufe","10":"product_cat-erwachsene","11":"product_tag-schulklassen","12":"product_tag-familien","13":"product_tag-kindergeburtstag","14":"product_tag-firmen-vereine","15":"product_tag-lehrkraft-fortbildung","17":"first","18":"instock","19":"shipping-taxable","20":"product-type-simple"},"yoast_head":"<!-- This site is optimized with the Yoast SEO plugin v27.5 - https:\/\/yoast.com\/product\/yoast-seo-wordpress\/ -->\n<title>Die Knochenschnitzerei - UNESCO WELTERBE KLOSTER LORSCH<\/title>\n<meta name=\"robots\" content=\"index, follow, max-snippet:-1, max-image-preview:large, max-video-preview:-1\" \/>\n<link rel=\"canonical\" href=\"https:\/\/kloster-lorsch.de\/en\/produkt\/die-knochenschnitzerei\/\" \/>\n<meta property=\"og:locale\" content=\"en_US\" \/>\n<meta property=\"og:type\" content=\"article\" \/>\n<meta property=\"og:title\" content=\"Die Knochenschnitzerei - UNESCO WELTERBE KLOSTER LORSCH\" \/>\n<meta property=\"og:description\" content=\"\u201eSchnitzereien\u201c aus Knochenpl\u00e4ttchen\" \/>\n<meta property=\"og:url\" content=\"https:\/\/kloster-lorsch.de\/en\/produkt\/die-knochenschnitzerei\/\" \/>\n<meta property=\"og:site_name\" content=\"UNESCO WELTERBE KLOSTER LORSCH\" \/>\n<meta property=\"article:publisher\" content=\"https:\/\/www.facebook.com\/klosterlorsch\" \/>\n<meta property=\"article:modified_time\" content=\"2023-09-15T09:33:20+00:00\" \/>\n<meta property=\"og:image\" content=\"https:\/\/kloster-lorsch.de\/wp-content\/uploads\/2023\/07\/Museumspaedagogik_Knochenschnitzen.jpg\" \/>\n\t<meta property=\"og:image:width\" content=\"1600\" \/>\n\t<meta property=\"og:image:height\" content=\"1067\" \/>\n\t<meta property=\"og:image:type\" content=\"image\/jpeg\" \/>\n<meta name=\"twitter:card\" content=\"summary_large_image\" \/>\n<meta name=\"twitter:label1\" content=\"Est. reading time\" \/>\n\t<meta name=\"twitter:data1\" content=\"1 minute\" \/>\n<script type=\"application\/ld+json\" class=\"yoast-schema-graph\">{\"@context\":\"https:\\\/\\\/schema.org\",\"@graph\":[{\"@type\":\"WebPage\",\"@id\":\"https:\\\/\\\/kloster-lorsch.de\\\/en\\\/produkt\\\/die-knochenschnitzerei\\\/\",\"url\":\"https:\\\/\\\/kloster-lorsch.de\\\/en\\\/produkt\\\/die-knochenschnitzerei\\\/\",\"name\":\"Die Knochenschnitzerei - UNESCO WELTERBE KLOSTER LORSCH\",\"isPartOf\":{\"@id\":\"https:\\\/\\\/kloster-lorsch.de\\\/en\\\/#website\"},\"primaryImageOfPage\":{\"@id\":\"https:\\\/\\\/kloster-lorsch.de\\\/en\\\/produkt\\\/die-knochenschnitzerei\\\/#primaryimage\"},\"image\":{\"@id\":\"https:\\\/\\\/kloster-lorsch.de\\\/en\\\/produkt\\\/die-knochenschnitzerei\\\/#primaryimage\"},\"thumbnailUrl\":\"https:\\\/\\\/kloster-lorsch.de\\\/wp-content\\\/uploads\\\/2023\\\/07\\\/Museumspaedagogik_Knochenschnitzen.jpg\",\"datePublished\":\"2020-11-13T06:36:50+00:00\",\"dateModified\":\"2023-09-15T09:33:20+00:00\",\"breadcrumb\":{\"@id\":\"https:\\\/\\\/kloster-lorsch.de\\\/en\\\/produkt\\\/die-knochenschnitzerei\\\/#breadcrumb\"},\"inLanguage\":\"en-US\",\"potentialAction\":[{\"@type\":\"ReadAction\",\"target\":[\"https:\\\/\\\/kloster-lorsch.de\\\/en\\\/produkt\\\/die-knochenschnitzerei\\\/\"]}]},{\"@type\":\"ImageObject\",\"inLanguage\":\"en-US\",\"@id\":\"https:\\\/\\\/kloster-lorsch.de\\\/en\\\/produkt\\\/die-knochenschnitzerei\\\/#primaryimage\",\"url\":\"https:\\\/\\\/kloster-lorsch.de\\\/wp-content\\\/uploads\\\/2023\\\/07\\\/Museumspaedagogik_Knochenschnitzen.jpg\",\"contentUrl\":\"https:\\\/\\\/kloster-lorsch.de\\\/wp-content\\\/uploads\\\/2023\\\/07\\\/Museumspaedagogik_Knochenschnitzen.jpg\",\"width\":1600,\"height\":1067,\"caption\":\"Jugendliche beim Knochenschnitzen\"},{\"@type\":\"BreadcrumbList\",\"@id\":\"https:\\\/\\\/kloster-lorsch.de\\\/en\\\/produkt\\\/die-knochenschnitzerei\\\/#breadcrumb\",\"itemListElement\":[{\"@type\":\"ListItem\",\"position\":1,\"name\":\"Startseite\",\"item\":\"https:\\\/\\\/kloster-lorsch.de\\\/en\\\/\"},{\"@type\":\"ListItem\",\"position\":2,\"name\":\"Buchbare Angebote\",\"item\":\"https:\\\/\\\/kloster-lorsch.de\\\/kurse-workshops\\\/angebote\\\/\"},{\"@type\":\"ListItem\",\"position\":3,\"name\":\"Die Knochenschnitzerei\"}]},{\"@type\":\"WebSite\",\"@id\":\"https:\\\/\\\/kloster-lorsch.de\\\/en\\\/#website\",\"url\":\"https:\\\/\\\/kloster-lorsch.de\\\/en\\\/\",\"name\":\"UNESCO WELTERBE KLOSTER LORSCH\",\"description\":\"Welterbeareal mit Freilichtlabor Lauresham\",\"publisher\":{\"@id\":\"https:\\\/\\\/kloster-lorsch.de\\\/en\\\/#organization\"},\"potentialAction\":[{\"@type\":\"SearchAction\",\"target\":{\"@type\":\"EntryPoint\",\"urlTemplate\":\"https:\\\/\\\/kloster-lorsch.de\\\/en\\\/?s={search_term_string}\"},\"query-input\":{\"@type\":\"PropertyValueSpecification\",\"valueRequired\":true,\"valueName\":\"search_term_string\"}}],\"inLanguage\":\"en-US\"},{\"@type\":\"Organization\",\"@id\":\"https:\\\/\\\/kloster-lorsch.de\\\/en\\\/#organization\",\"name\":\"UNESCO Welterbe Kloster Lorsch\",\"alternateName\":\"WEKL\",\"url\":\"https:\\\/\\\/kloster-lorsch.de\\\/en\\\/\",\"logo\":{\"@type\":\"ImageObject\",\"inLanguage\":\"en-US\",\"@id\":\"https:\\\/\\\/kloster-lorsch.de\\\/en\\\/#\\\/schema\\\/logo\\\/image\\\/\",\"url\":\"https:\\\/\\\/kloster-lorsch.de\\\/wp-content\\\/uploads\\\/2020\\\/06\\\/WEKL_logo-weiss.png\",\"contentUrl\":\"https:\\\/\\\/kloster-lorsch.de\\\/wp-content\\\/uploads\\\/2020\\\/06\\\/WEKL_logo-weiss.png\",\"width\":2742,\"height\":2370,\"caption\":\"UNESCO Welterbe Kloster Lorsch\"},\"image\":{\"@id\":\"https:\\\/\\\/kloster-lorsch.de\\\/en\\\/#\\\/schema\\\/logo\\\/image\\\/\"},\"sameAs\":[\"https:\\\/\\\/www.facebook.com\\\/klosterlorsch\",\"https:\\\/\\\/www.youtube.com\\\/channel\\\/UCscD4hbr10MaVxxOJhPpvOQ\",\"https:\\\/\\\/de.wikipedia.org\\\/wiki\\\/Kloster_Lorsch\"]}]}<\/script>\n<!-- \/ Yoast SEO plugin. -->","yoast_head_json":{"title":"Die Knochenschnitzerei - UNESCO WELTERBE KLOSTER LORSCH","robots":{"index":"index","follow":"follow","max-snippet":"max-snippet:-1","max-image-preview":"max-image-preview:large","max-video-preview":"max-video-preview:-1"},"canonical":"https:\/\/kloster-lorsch.de\/en\/produkt\/die-knochenschnitzerei\/","og_locale":"en_US","og_type":"article","og_title":"Die Knochenschnitzerei - UNESCO WELTERBE KLOSTER LORSCH","og_description":"\u201eSchnitzereien\u201c aus Knochenpl\u00e4ttchen","og_url":"https:\/\/kloster-lorsch.de\/en\/produkt\/die-knochenschnitzerei\/","og_site_name":"UNESCO WELTERBE KLOSTER LORSCH","article_publisher":"https:\/\/www.facebook.com\/klosterlorsch","article_modified_time":"2023-09-15T09:33:20+00:00","og_image":[{"width":1600,"height":1067,"url":"https:\/\/kloster-lorsch.de\/wp-content\/uploads\/2023\/07\/Museumspaedagogik_Knochenschnitzen.jpg","type":"image\/jpeg"}],"twitter_card":"summary_large_image","twitter_misc":{"Est. reading time":"1 minute"},"schema":{"@context":"https:\/\/schema.org","@graph":[{"@type":"WebPage","@id":"https:\/\/kloster-lorsch.de\/en\/produkt\/die-knochenschnitzerei\/","url":"https:\/\/kloster-lorsch.de\/en\/produkt\/die-knochenschnitzerei\/","name":"Die Knochenschnitzerei - UNESCO WELTERBE KLOSTER LORSCH","isPartOf":{"@id":"https:\/\/kloster-lorsch.de\/en\/#website"},"primaryImageOfPage":{"@id":"https:\/\/kloster-lorsch.de\/en\/produkt\/die-knochenschnitzerei\/#primaryimage"},"image":{"@id":"https:\/\/kloster-lorsch.de\/en\/produkt\/die-knochenschnitzerei\/#primaryimage"},"thumbnailUrl":"https:\/\/kloster-lorsch.de\/wp-content\/uploads\/2023\/07\/Museumspaedagogik_Knochenschnitzen.jpg","datePublished":"2020-11-13T06:36:50+00:00","dateModified":"2023-09-15T09:33:20+00:00","breadcrumb":{"@id":"https:\/\/kloster-lorsch.de\/en\/produkt\/die-knochenschnitzerei\/#breadcrumb"},"inLanguage":"en-US","potentialAction":[{"@type":"ReadAction","target":["https:\/\/kloster-lorsch.de\/en\/produkt\/die-knochenschnitzerei\/"]}]},{"@type":"ImageObject","inLanguage":"en-US","@id":"https:\/\/kloster-lorsch.de\/en\/produkt\/die-knochenschnitzerei\/#primaryimage","url":"https:\/\/kloster-lorsch.de\/wp-content\/uploads\/2023\/07\/Museumspaedagogik_Knochenschnitzen.jpg","contentUrl":"https:\/\/kloster-lorsch.de\/wp-content\/uploads\/2023\/07\/Museumspaedagogik_Knochenschnitzen.jpg","width":1600,"height":1067,"caption":"Jugendliche beim Knochenschnitzen"},{"@type":"BreadcrumbList","@id":"https:\/\/kloster-lorsch.de\/en\/produkt\/die-knochenschnitzerei\/#breadcrumb","itemListElement":[{"@type":"ListItem","position":1,"name":"Startseite","item":"https:\/\/kloster-lorsch.de\/en\/"},{"@type":"ListItem","position":2,"name":"Buchbare Angebote","item":"https:\/\/kloster-lorsch.de\/kurse-workshops\/angebote\/"},{"@type":"ListItem","position":3,"name":"Die Knochenschnitzerei"}]},{"@type":"WebSite","@id":"https:\/\/kloster-lorsch.de\/en\/#website","url":"https:\/\/kloster-lorsch.de\/en\/","name":"UNESCO WELTERBE KLOSTER LORSCH","description":"Welterbeareal mit Freilichtlabor Lauresham","publisher":{"@id":"https:\/\/kloster-lorsch.de\/en\/#organization"},"potentialAction":[{"@type":"SearchAction","target":{"@type":"EntryPoint","urlTemplate":"https:\/\/kloster-lorsch.de\/en\/?s={search_term_string}"},"query-input":{"@type":"PropertyValueSpecification","valueRequired":true,"valueName":"search_term_string"}}],"inLanguage":"en-US"},{"@type":"Organization","@id":"https:\/\/kloster-lorsch.de\/en\/#organization","name":"UNESCO Welterbe Kloster Lorsch","alternateName":"WEKL","url":"https:\/\/kloster-lorsch.de\/en\/","logo":{"@type":"ImageObject","inLanguage":"en-US","@id":"https:\/\/kloster-lorsch.de\/en\/#\/schema\/logo\/image\/","url":"https:\/\/kloster-lorsch.de\/wp-content\/uploads\/2020\/06\/WEKL_logo-weiss.png","contentUrl":"https:\/\/kloster-lorsch.de\/wp-content\/uploads\/2020\/06\/WEKL_logo-weiss.png","width":2742,"height":2370,"caption":"UNESCO Welterbe Kloster Lorsch"},"image":{"@id":"https:\/\/kloster-lorsch.de\/en\/#\/schema\/logo\/image\/"},"sameAs":["https:\/\/www.facebook.com\/klosterlorsch","https:\/\/www.youtube.com\/channel\/UCscD4hbr10MaVxxOJhPpvOQ","https:\/\/de.wikipedia.org\/wiki\/Kloster_Lorsch"]}]}},"_links":{"self":[{"href":"https:\/\/kloster-lorsch.de\/en\/wp-json\/wp\/v2\/product\/2200","targetHints":{"allow":["GET"]}}],"collection":[{"href":"https:\/\/kloster-lorsch.de\/en\/wp-json\/wp\/v2\/product"}],"about":[{"href":"https:\/\/kloster-lorsch.de\/en\/wp-json\/wp\/v2\/types\/product"}],"version-history":[{"count":0,"href":"https:\/\/kloster-lorsch.de\/en\/wp-json\/wp\/v2\/product\/2200\/revisions"}],"wp:featuredmedia":[{"embeddable":true,"href":"https:\/\/kloster-lorsch.de\/en\/wp-json\/wp\/v2\/media\/11759"}],"wp:attachment":[{"href":"https:\/\/kloster-lorsch.de\/en\/wp-json\/wp\/v2\/media?parent=2200"}],"wp:term":[{"taxonomy":"product_brand","embeddable":true,"href":"https:\/\/kloster-lorsch.de\/en\/wp-json\/wp\/v2\/product_brand?post=2200"},{"taxonomy":"product_cat","embeddable":true,"href":"https:\/\/kloster-lorsch.de\/en\/wp-json\/wp\/v2\/product_cat?post=2200"},{"taxonomy":"product_tag","embeddable":true,"href":"https:\/\/kloster-lorsch.de\/en\/wp-json\/wp\/v2\/product_tag?post=2200"}],"curies":[{"name":"wp","href":"https:\/\/api.w.org\/{rel}","templated":true}]}}