{"id":2244,"date":"2020-11-16T13:51:43","date_gmt":"2020-11-16T11:51:43","guid":{"rendered":"https:\/\/kloster.lorsch.de\/?p=2244"},"modified":"2024-01-15T09:54:58","modified_gmt":"2024-01-15T08:54:58","slug":"hoch-und-runter-faden-durch","status":"publish","type":"product","link":"https:\/\/kloster-lorsch.de\/en\/produkt\/hoch-und-runter-faden-durch\/","title":{"rendered":"Hoch und runter, Faden durch"},"content":{"rendered":"<p>Im Rahmen der F\u00fchrung besucht man das Webhaus und erf\u00e4hrt mehr zu den mittelalterlichen Webtechniken. Beim Kammweben werden die F\u00e4den abwechselnd durch die Schlitze und L\u00f6cher des Web-&#8220;Kamms&#8221; geschert (eingef\u00e4delt). Ist das Webst\u00fcck zwischen zwei St\u00fctzen straff festgebunden, kann mit einem Schussfaden gewebt werden. Der \u201eKamm\u201c l\u00e4sst sich hoch und runter bewegen. Hier ist Geschick gefragt. Mit ein und denselben F\u00e4den kann durch einen Kniff ein einfarbiges Band, ein Karomuster oder L\u00e4ngsstreifen entstehen.<\/p>\n<p>Im Workshop weben wir bunt gemusterte B\u00e4nder, die als Armb\u00e4nder oder Lesezeichen verwendet werden k\u00f6nnen.<\/p>\n<p><strong>Empfohlene Altersstufen<\/strong><strong>:<\/strong> Grundschule (ab 2. Klasse), Unter- Mittel- und Oberstufe, Erwachsene<\/p>\n<p><strong>Maximale Gruppengr\u00f6\u00dfe:<\/strong> 10 Personen<\/p>\n<p><strong>Veranstaltungsort:<\/strong> Lauresham (Besucherinformationszentrum)<\/p>\n<p><strong>Dauer:<\/strong> 3 Stunden (mit Rundgang und Pause)<br \/>\n4 Stunden (mit ausf\u00fchrlichem Rundgang, Pause und eigenst\u00e4ndigem einf\u00e4deln des Webkamms)<\/p>\n<p><strong>Buchbar:<\/strong> ganzj\u00e4hrig<\/p>\n","protected":false},"excerpt":{"rendered":"<p>Ein buntes Band entsteht mit dem Web-\u201cKamm\u201d<\/p>\n","protected":false},"featured_media":13330,"template":"","meta":[],"product_brand":[],"product_cat":[331,332,349,323,348,335],"product_tag":[350,339,341,346,347],"class_list":{"0":"post-2244","1":"product","2":"type-product","3":"status-publish","4":"has-post-thumbnail","6":"product_cat-grundschule","7":"product_cat-unterstufe","8":"product_cat-mittelstufe","9":"product_cat-filzen-faerben-weben","10":"product_cat-oberstufe","11":"product_cat-erwachsene","12":"product_tag-schulklassen","13":"product_tag-familien","14":"product_tag-kindergeburtstag","15":"product_tag-firmen-vereine","16":"product_tag-lehrkraft-fortbildung","18":"first","19":"instock","20":"shipping-taxable","21":"product-type-simple"},"yoast_head":"<!-- This site is optimized with the Yoast SEO plugin v27.5 - https:\/\/yoast.com\/product\/yoast-seo-wordpress\/ -->\n<title>Hoch und runter, Faden durch - UNESCO WELTERBE KLOSTER LORSCH<\/title>\n<meta name=\"robots\" content=\"index, follow, max-snippet:-1, max-image-preview:large, max-video-preview:-1\" \/>\n<link rel=\"canonical\" href=\"https:\/\/kloster-lorsch.de\/en\/produkt\/hoch-und-runter-faden-durch\/\" \/>\n<meta property=\"og:locale\" content=\"en_US\" \/>\n<meta property=\"og:type\" content=\"article\" \/>\n<meta property=\"og:title\" content=\"Hoch und runter, Faden durch - UNESCO WELTERBE KLOSTER LORSCH\" \/>\n<meta property=\"og:description\" content=\"Ein buntes Band entsteht mit dem Web-\u201cKamm\u201d\" \/>\n<meta property=\"og:url\" content=\"https:\/\/kloster-lorsch.de\/en\/produkt\/hoch-und-runter-faden-durch\/\" \/>\n<meta property=\"og:site_name\" content=\"UNESCO WELTERBE KLOSTER LORSCH\" \/>\n<meta property=\"article:publisher\" content=\"https:\/\/www.facebook.com\/klosterlorsch\" \/>\n<meta property=\"article:modified_time\" content=\"2024-01-15T08:54:58+00:00\" \/>\n<meta property=\"og:image\" content=\"https:\/\/kloster-lorsch.de\/wp-content\/uploads\/2024\/01\/Kammweben-Bildnachweis-M-C-Thumm-2023-10-02_1634_D859283_mod-quer.jpg\" \/>\n\t<meta property=\"og:image:width\" content=\"1200\" \/>\n\t<meta property=\"og:image:height\" content=\"798\" \/>\n\t<meta property=\"og:image:type\" content=\"image\/jpeg\" \/>\n<meta name=\"twitter:card\" content=\"summary_large_image\" \/>\n<meta name=\"twitter:label1\" content=\"Est. reading time\" \/>\n\t<meta name=\"twitter:data1\" content=\"1 minute\" \/>\n<script type=\"application\/ld+json\" class=\"yoast-schema-graph\">{\"@context\":\"https:\\\/\\\/schema.org\",\"@graph\":[{\"@type\":\"WebPage\",\"@id\":\"https:\\\/\\\/kloster-lorsch.de\\\/en\\\/produkt\\\/hoch-und-runter-faden-durch\\\/\",\"url\":\"https:\\\/\\\/kloster-lorsch.de\\\/en\\\/produkt\\\/hoch-und-runter-faden-durch\\\/\",\"name\":\"Hoch und runter, Faden durch - UNESCO WELTERBE KLOSTER LORSCH\",\"isPartOf\":{\"@id\":\"https:\\\/\\\/kloster-lorsch.de\\\/en\\\/#website\"},\"primaryImageOfPage\":{\"@id\":\"https:\\\/\\\/kloster-lorsch.de\\\/en\\\/produkt\\\/hoch-und-runter-faden-durch\\\/#primaryimage\"},\"image\":{\"@id\":\"https:\\\/\\\/kloster-lorsch.de\\\/en\\\/produkt\\\/hoch-und-runter-faden-durch\\\/#primaryimage\"},\"thumbnailUrl\":\"https:\\\/\\\/kloster-lorsch.de\\\/wp-content\\\/uploads\\\/2024\\\/01\\\/Kammweben-Bildnachweis-M-C-Thumm-2023-10-02_1634_D859283_mod-quer.jpg\",\"datePublished\":\"2020-11-16T11:51:43+00:00\",\"dateModified\":\"2024-01-15T08:54:58+00:00\",\"breadcrumb\":{\"@id\":\"https:\\\/\\\/kloster-lorsch.de\\\/en\\\/produkt\\\/hoch-und-runter-faden-durch\\\/#breadcrumb\"},\"inLanguage\":\"en-US\",\"potentialAction\":[{\"@type\":\"ReadAction\",\"target\":[\"https:\\\/\\\/kloster-lorsch.de\\\/en\\\/produkt\\\/hoch-und-runter-faden-durch\\\/\"]}]},{\"@type\":\"ImageObject\",\"inLanguage\":\"en-US\",\"@id\":\"https:\\\/\\\/kloster-lorsch.de\\\/en\\\/produkt\\\/hoch-und-runter-faden-durch\\\/#primaryimage\",\"url\":\"https:\\\/\\\/kloster-lorsch.de\\\/wp-content\\\/uploads\\\/2024\\\/01\\\/Kammweben-Bildnachweis-M-C-Thumm-2023-10-02_1634_D859283_mod-quer.jpg\",\"contentUrl\":\"https:\\\/\\\/kloster-lorsch.de\\\/wp-content\\\/uploads\\\/2024\\\/01\\\/Kammweben-Bildnachweis-M-C-Thumm-2023-10-02_1634_D859283_mod-quer.jpg\",\"width\":1200,\"height\":798,\"caption\":\"Bild: M. C. Thumm\"},{\"@type\":\"BreadcrumbList\",\"@id\":\"https:\\\/\\\/kloster-lorsch.de\\\/en\\\/produkt\\\/hoch-und-runter-faden-durch\\\/#breadcrumb\",\"itemListElement\":[{\"@type\":\"ListItem\",\"position\":1,\"name\":\"Startseite\",\"item\":\"https:\\\/\\\/kloster-lorsch.de\\\/en\\\/\"},{\"@type\":\"ListItem\",\"position\":2,\"name\":\"Buchbare Angebote\",\"item\":\"https:\\\/\\\/kloster-lorsch.de\\\/kurse-workshops\\\/angebote\\\/\"},{\"@type\":\"ListItem\",\"position\":3,\"name\":\"Hoch und runter, Faden durch\"}]},{\"@type\":\"WebSite\",\"@id\":\"https:\\\/\\\/kloster-lorsch.de\\\/en\\\/#website\",\"url\":\"https:\\\/\\\/kloster-lorsch.de\\\/en\\\/\",\"name\":\"UNESCO WELTERBE KLOSTER LORSCH\",\"description\":\"Welterbeareal mit Freilichtlabor Lauresham\",\"publisher\":{\"@id\":\"https:\\\/\\\/kloster-lorsch.de\\\/en\\\/#organization\"},\"potentialAction\":[{\"@type\":\"SearchAction\",\"target\":{\"@type\":\"EntryPoint\",\"urlTemplate\":\"https:\\\/\\\/kloster-lorsch.de\\\/en\\\/?s={search_term_string}\"},\"query-input\":{\"@type\":\"PropertyValueSpecification\",\"valueRequired\":true,\"valueName\":\"search_term_string\"}}],\"inLanguage\":\"en-US\"},{\"@type\":\"Organization\",\"@id\":\"https:\\\/\\\/kloster-lorsch.de\\\/en\\\/#organization\",\"name\":\"UNESCO Welterbe Kloster Lorsch\",\"alternateName\":\"WEKL\",\"url\":\"https:\\\/\\\/kloster-lorsch.de\\\/en\\\/\",\"logo\":{\"@type\":\"ImageObject\",\"inLanguage\":\"en-US\",\"@id\":\"https:\\\/\\\/kloster-lorsch.de\\\/en\\\/#\\\/schema\\\/logo\\\/image\\\/\",\"url\":\"https:\\\/\\\/kloster-lorsch.de\\\/wp-content\\\/uploads\\\/2020\\\/06\\\/WEKL_logo-weiss.png\",\"contentUrl\":\"https:\\\/\\\/kloster-lorsch.de\\\/wp-content\\\/uploads\\\/2020\\\/06\\\/WEKL_logo-weiss.png\",\"width\":2742,\"height\":2370,\"caption\":\"UNESCO Welterbe Kloster Lorsch\"},\"image\":{\"@id\":\"https:\\\/\\\/kloster-lorsch.de\\\/en\\\/#\\\/schema\\\/logo\\\/image\\\/\"},\"sameAs\":[\"https:\\\/\\\/www.facebook.com\\\/klosterlorsch\",\"https:\\\/\\\/www.youtube.com\\\/channel\\\/UCscD4hbr10MaVxxOJhPpvOQ\",\"https:\\\/\\\/de.wikipedia.org\\\/wiki\\\/Kloster_Lorsch\"]}]}<\/script>\n<!-- \/ Yoast SEO plugin. -->","yoast_head_json":{"title":"Hoch und runter, Faden durch - UNESCO WELTERBE KLOSTER LORSCH","robots":{"index":"index","follow":"follow","max-snippet":"max-snippet:-1","max-image-preview":"max-image-preview:large","max-video-preview":"max-video-preview:-1"},"canonical":"https:\/\/kloster-lorsch.de\/en\/produkt\/hoch-und-runter-faden-durch\/","og_locale":"en_US","og_type":"article","og_title":"Hoch und runter, Faden durch - UNESCO WELTERBE KLOSTER LORSCH","og_description":"Ein buntes Band entsteht mit dem Web-\u201cKamm\u201d","og_url":"https:\/\/kloster-lorsch.de\/en\/produkt\/hoch-und-runter-faden-durch\/","og_site_name":"UNESCO WELTERBE KLOSTER LORSCH","article_publisher":"https:\/\/www.facebook.com\/klosterlorsch","article_modified_time":"2024-01-15T08:54:58+00:00","og_image":[{"width":1200,"height":798,"url":"https:\/\/kloster-lorsch.de\/wp-content\/uploads\/2024\/01\/Kammweben-Bildnachweis-M-C-Thumm-2023-10-02_1634_D859283_mod-quer.jpg","type":"image\/jpeg"}],"twitter_card":"summary_large_image","twitter_misc":{"Est. reading time":"1 minute"},"schema":{"@context":"https:\/\/schema.org","@graph":[{"@type":"WebPage","@id":"https:\/\/kloster-lorsch.de\/en\/produkt\/hoch-und-runter-faden-durch\/","url":"https:\/\/kloster-lorsch.de\/en\/produkt\/hoch-und-runter-faden-durch\/","name":"Hoch und runter, Faden durch - UNESCO WELTERBE KLOSTER LORSCH","isPartOf":{"@id":"https:\/\/kloster-lorsch.de\/en\/#website"},"primaryImageOfPage":{"@id":"https:\/\/kloster-lorsch.de\/en\/produkt\/hoch-und-runter-faden-durch\/#primaryimage"},"image":{"@id":"https:\/\/kloster-lorsch.de\/en\/produkt\/hoch-und-runter-faden-durch\/#primaryimage"},"thumbnailUrl":"https:\/\/kloster-lorsch.de\/wp-content\/uploads\/2024\/01\/Kammweben-Bildnachweis-M-C-Thumm-2023-10-02_1634_D859283_mod-quer.jpg","datePublished":"2020-11-16T11:51:43+00:00","dateModified":"2024-01-15T08:54:58+00:00","breadcrumb":{"@id":"https:\/\/kloster-lorsch.de\/en\/produkt\/hoch-und-runter-faden-durch\/#breadcrumb"},"inLanguage":"en-US","potentialAction":[{"@type":"ReadAction","target":["https:\/\/kloster-lorsch.de\/en\/produkt\/hoch-und-runter-faden-durch\/"]}]},{"@type":"ImageObject","inLanguage":"en-US","@id":"https:\/\/kloster-lorsch.de\/en\/produkt\/hoch-und-runter-faden-durch\/#primaryimage","url":"https:\/\/kloster-lorsch.de\/wp-content\/uploads\/2024\/01\/Kammweben-Bildnachweis-M-C-Thumm-2023-10-02_1634_D859283_mod-quer.jpg","contentUrl":"https:\/\/kloster-lorsch.de\/wp-content\/uploads\/2024\/01\/Kammweben-Bildnachweis-M-C-Thumm-2023-10-02_1634_D859283_mod-quer.jpg","width":1200,"height":798,"caption":"Bild: M. C. Thumm"},{"@type":"BreadcrumbList","@id":"https:\/\/kloster-lorsch.de\/en\/produkt\/hoch-und-runter-faden-durch\/#breadcrumb","itemListElement":[{"@type":"ListItem","position":1,"name":"Startseite","item":"https:\/\/kloster-lorsch.de\/en\/"},{"@type":"ListItem","position":2,"name":"Buchbare Angebote","item":"https:\/\/kloster-lorsch.de\/kurse-workshops\/angebote\/"},{"@type":"ListItem","position":3,"name":"Hoch und runter, Faden durch"}]},{"@type":"WebSite","@id":"https:\/\/kloster-lorsch.de\/en\/#website","url":"https:\/\/kloster-lorsch.de\/en\/","name":"UNESCO WELTERBE KLOSTER LORSCH","description":"Welterbeareal mit Freilichtlabor Lauresham","publisher":{"@id":"https:\/\/kloster-lorsch.de\/en\/#organization"},"potentialAction":[{"@type":"SearchAction","target":{"@type":"EntryPoint","urlTemplate":"https:\/\/kloster-lorsch.de\/en\/?s={search_term_string}"},"query-input":{"@type":"PropertyValueSpecification","valueRequired":true,"valueName":"search_term_string"}}],"inLanguage":"en-US"},{"@type":"Organization","@id":"https:\/\/kloster-lorsch.de\/en\/#organization","name":"UNESCO Welterbe Kloster Lorsch","alternateName":"WEKL","url":"https:\/\/kloster-lorsch.de\/en\/","logo":{"@type":"ImageObject","inLanguage":"en-US","@id":"https:\/\/kloster-lorsch.de\/en\/#\/schema\/logo\/image\/","url":"https:\/\/kloster-lorsch.de\/wp-content\/uploads\/2020\/06\/WEKL_logo-weiss.png","contentUrl":"https:\/\/kloster-lorsch.de\/wp-content\/uploads\/2020\/06\/WEKL_logo-weiss.png","width":2742,"height":2370,"caption":"UNESCO Welterbe Kloster Lorsch"},"image":{"@id":"https:\/\/kloster-lorsch.de\/en\/#\/schema\/logo\/image\/"},"sameAs":["https:\/\/www.facebook.com\/klosterlorsch","https:\/\/www.youtube.com\/channel\/UCscD4hbr10MaVxxOJhPpvOQ","https:\/\/de.wikipedia.org\/wiki\/Kloster_Lorsch"]}]}},"_links":{"self":[{"href":"https:\/\/kloster-lorsch.de\/en\/wp-json\/wp\/v2\/product\/2244","targetHints":{"allow":["GET"]}}],"collection":[{"href":"https:\/\/kloster-lorsch.de\/en\/wp-json\/wp\/v2\/product"}],"about":[{"href":"https:\/\/kloster-lorsch.de\/en\/wp-json\/wp\/v2\/types\/product"}],"version-history":[{"count":0,"href":"https:\/\/kloster-lorsch.de\/en\/wp-json\/wp\/v2\/product\/2244\/revisions"}],"wp:featuredmedia":[{"embeddable":true,"href":"https:\/\/kloster-lorsch.de\/en\/wp-json\/wp\/v2\/media\/13330"}],"wp:attachment":[{"href":"https:\/\/kloster-lorsch.de\/en\/wp-json\/wp\/v2\/media?parent=2244"}],"wp:term":[{"taxonomy":"product_brand","embeddable":true,"href":"https:\/\/kloster-lorsch.de\/en\/wp-json\/wp\/v2\/product_brand?post=2244"},{"taxonomy":"product_cat","embeddable":true,"href":"https:\/\/kloster-lorsch.de\/en\/wp-json\/wp\/v2\/product_cat?post=2244"},{"taxonomy":"product_tag","embeddable":true,"href":"https:\/\/kloster-lorsch.de\/en\/wp-json\/wp\/v2\/product_tag?post=2244"}],"curies":[{"name":"wp","href":"https:\/\/api.w.org\/{rel}","templated":true}]}}