{"id":2292,"date":"2020-11-16T14:22:26","date_gmt":"2020-11-16T12:22:26","guid":{"rendered":"https:\/\/kloster.lorsch.de\/?p=2292"},"modified":"2026-02-25T16:08:22","modified_gmt":"2026-02-25T15:08:22","slug":"eiklar-und-lapislazuli","status":"publish","type":"product","link":"https:\/\/kloster-lorsch.de\/en\/produkt\/eiklar-und-lapislazuli\/","title":{"rendered":"Eiklar und Lapislazuli"},"content":{"rendered":"<p>Mittelalterliche B\u00fccher waren oft farbenfroh gestaltet, auch wenn die Herstellung der Farben aus Halbedelsteinen oder bunten Erden sehr aufw\u00e4ndig war. Besonders sch\u00f6n waren meist die ersten Buchstaben einer Seite gestaltet, als sogenannte Initialen. Das waren besonders gro\u00dfe Buchstaben, die reich verziert wurden. F\u00fcr ein eigenes Initial, vielleicht den Anfangsbuchstaben des eigenen Namens, bereiten wir Farben nach alten Rezepturen zu und probieren sie aus.<\/p>\n<p><strong>Empfohlene Altersstufe<\/strong>: Vorschule (ab 5 Jahren)<\/p>\n<p><strong>Veranstaltungsort:<\/strong> Kloster (Museumszentrum)<\/p>\n<p><strong>Dauer:<\/strong> 2 Stunden (mit kurzer Einf\u00fchrung, ohne Pause),<br \/>\n3 Stunden (mit Rundgang und Pause)<\/p>\n<p><strong>Buchbar:<\/strong> ganzj\u00e4hrig<\/p>\n","protected":false},"excerpt":{"rendered":"<p>Bunte Initiale aus selbstgemachten Farben<\/p>\n","protected":false},"featured_media":18055,"template":"","meta":[],"product_brand":[],"product_cat":[330,326],"product_tag":[341,358],"class_list":{"0":"post-2292","1":"product","2":"type-product","3":"status-publish","4":"has-post-thumbnail","6":"product_cat-vorschule","7":"product_cat-schrift-buchmalerei","8":"product_tag-kindergeburtstag","9":"product_tag-kindergartengruppen","11":"first","12":"instock","13":"shipping-taxable","14":"product-type-simple"},"yoast_head":"<!-- This site is optimized with the Yoast SEO plugin v27.5 - https:\/\/yoast.com\/product\/yoast-seo-wordpress\/ -->\n<title>Eiklar und Lapislazuli - UNESCO WELTERBE KLOSTER LORSCH<\/title>\n<meta name=\"robots\" content=\"index, follow, max-snippet:-1, max-image-preview:large, max-video-preview:-1\" \/>\n<link rel=\"canonical\" href=\"https:\/\/kloster-lorsch.de\/en\/produkt\/eiklar-und-lapislazuli\/\" \/>\n<meta property=\"og:locale\" content=\"en_US\" \/>\n<meta property=\"og:type\" content=\"article\" \/>\n<meta property=\"og:title\" content=\"Eiklar und Lapislazuli - UNESCO WELTERBE KLOSTER LORSCH\" \/>\n<meta property=\"og:description\" content=\"Bunte Initiale aus selbstgemachten Farben\" \/>\n<meta property=\"og:url\" content=\"https:\/\/kloster-lorsch.de\/en\/produkt\/eiklar-und-lapislazuli\/\" \/>\n<meta property=\"og:site_name\" content=\"UNESCO WELTERBE KLOSTER LORSCH\" \/>\n<meta property=\"article:publisher\" content=\"https:\/\/www.facebook.com\/klosterlorsch\" \/>\n<meta property=\"article:modified_time\" content=\"2026-02-25T15:08:22+00:00\" \/>\n<meta property=\"og:image\" content=\"https:\/\/kloster-lorsch.de\/wp-content\/uploads\/2020\/11\/WEKL_MuPaed_Skriptorium_Michael_Thumm_2024_klein.jpg\" \/>\n\t<meta property=\"og:image:width\" content=\"1715\" \/>\n\t<meta property=\"og:image:height\" content=\"1146\" \/>\n\t<meta property=\"og:image:type\" content=\"image\/jpeg\" \/>\n<meta name=\"twitter:card\" content=\"summary_large_image\" \/>\n<meta name=\"twitter:label1\" content=\"Est. reading time\" \/>\n\t<meta name=\"twitter:data1\" content=\"1 minute\" \/>\n<script type=\"application\/ld+json\" class=\"yoast-schema-graph\">{\"@context\":\"https:\\\/\\\/schema.org\",\"@graph\":[{\"@type\":\"WebPage\",\"@id\":\"https:\\\/\\\/kloster-lorsch.de\\\/en\\\/produkt\\\/eiklar-und-lapislazuli\\\/\",\"url\":\"https:\\\/\\\/kloster-lorsch.de\\\/en\\\/produkt\\\/eiklar-und-lapislazuli\\\/\",\"name\":\"Eiklar und Lapislazuli - UNESCO WELTERBE KLOSTER LORSCH\",\"isPartOf\":{\"@id\":\"https:\\\/\\\/kloster-lorsch.de\\\/en\\\/#website\"},\"primaryImageOfPage\":{\"@id\":\"https:\\\/\\\/kloster-lorsch.de\\\/en\\\/produkt\\\/eiklar-und-lapislazuli\\\/#primaryimage\"},\"image\":{\"@id\":\"https:\\\/\\\/kloster-lorsch.de\\\/en\\\/produkt\\\/eiklar-und-lapislazuli\\\/#primaryimage\"},\"thumbnailUrl\":\"https:\\\/\\\/kloster-lorsch.de\\\/wp-content\\\/uploads\\\/2020\\\/11\\\/WEKL_MuPaed_Skriptorium_Michael_Thumm_2024_klein.jpg\",\"datePublished\":\"2020-11-16T12:22:26+00:00\",\"dateModified\":\"2026-02-25T15:08:22+00:00\",\"breadcrumb\":{\"@id\":\"https:\\\/\\\/kloster-lorsch.de\\\/en\\\/produkt\\\/eiklar-und-lapislazuli\\\/#breadcrumb\"},\"inLanguage\":\"en-US\",\"potentialAction\":[{\"@type\":\"ReadAction\",\"target\":[\"https:\\\/\\\/kloster-lorsch.de\\\/en\\\/produkt\\\/eiklar-und-lapislazuli\\\/\"]}]},{\"@type\":\"ImageObject\",\"inLanguage\":\"en-US\",\"@id\":\"https:\\\/\\\/kloster-lorsch.de\\\/en\\\/produkt\\\/eiklar-und-lapislazuli\\\/#primaryimage\",\"url\":\"https:\\\/\\\/kloster-lorsch.de\\\/wp-content\\\/uploads\\\/2020\\\/11\\\/WEKL_MuPaed_Skriptorium_Michael_Thumm_2024_klein.jpg\",\"contentUrl\":\"https:\\\/\\\/kloster-lorsch.de\\\/wp-content\\\/uploads\\\/2020\\\/11\\\/WEKL_MuPaed_Skriptorium_Michael_Thumm_2024_klein.jpg\",\"width\":1715,\"height\":1146},{\"@type\":\"BreadcrumbList\",\"@id\":\"https:\\\/\\\/kloster-lorsch.de\\\/en\\\/produkt\\\/eiklar-und-lapislazuli\\\/#breadcrumb\",\"itemListElement\":[{\"@type\":\"ListItem\",\"position\":1,\"name\":\"Startseite\",\"item\":\"https:\\\/\\\/kloster-lorsch.de\\\/en\\\/\"},{\"@type\":\"ListItem\",\"position\":2,\"name\":\"Buchbare Angebote\",\"item\":\"https:\\\/\\\/kloster-lorsch.de\\\/kurse-workshops\\\/angebote\\\/\"},{\"@type\":\"ListItem\",\"position\":3,\"name\":\"Eiklar und Lapislazuli\"}]},{\"@type\":\"WebSite\",\"@id\":\"https:\\\/\\\/kloster-lorsch.de\\\/en\\\/#website\",\"url\":\"https:\\\/\\\/kloster-lorsch.de\\\/en\\\/\",\"name\":\"UNESCO WELTERBE KLOSTER LORSCH\",\"description\":\"Welterbeareal mit Freilichtlabor Lauresham\",\"publisher\":{\"@id\":\"https:\\\/\\\/kloster-lorsch.de\\\/en\\\/#organization\"},\"potentialAction\":[{\"@type\":\"SearchAction\",\"target\":{\"@type\":\"EntryPoint\",\"urlTemplate\":\"https:\\\/\\\/kloster-lorsch.de\\\/en\\\/?s={search_term_string}\"},\"query-input\":{\"@type\":\"PropertyValueSpecification\",\"valueRequired\":true,\"valueName\":\"search_term_string\"}}],\"inLanguage\":\"en-US\"},{\"@type\":\"Organization\",\"@id\":\"https:\\\/\\\/kloster-lorsch.de\\\/en\\\/#organization\",\"name\":\"UNESCO Welterbe Kloster Lorsch\",\"alternateName\":\"WEKL\",\"url\":\"https:\\\/\\\/kloster-lorsch.de\\\/en\\\/\",\"logo\":{\"@type\":\"ImageObject\",\"inLanguage\":\"en-US\",\"@id\":\"https:\\\/\\\/kloster-lorsch.de\\\/en\\\/#\\\/schema\\\/logo\\\/image\\\/\",\"url\":\"https:\\\/\\\/kloster-lorsch.de\\\/wp-content\\\/uploads\\\/2020\\\/06\\\/WEKL_logo-weiss.png\",\"contentUrl\":\"https:\\\/\\\/kloster-lorsch.de\\\/wp-content\\\/uploads\\\/2020\\\/06\\\/WEKL_logo-weiss.png\",\"width\":2742,\"height\":2370,\"caption\":\"UNESCO Welterbe Kloster Lorsch\"},\"image\":{\"@id\":\"https:\\\/\\\/kloster-lorsch.de\\\/en\\\/#\\\/schema\\\/logo\\\/image\\\/\"},\"sameAs\":[\"https:\\\/\\\/www.facebook.com\\\/klosterlorsch\",\"https:\\\/\\\/www.youtube.com\\\/channel\\\/UCscD4hbr10MaVxxOJhPpvOQ\",\"https:\\\/\\\/de.wikipedia.org\\\/wiki\\\/Kloster_Lorsch\"]}]}<\/script>\n<!-- \/ Yoast SEO plugin. -->","yoast_head_json":{"title":"Eiklar und Lapislazuli - UNESCO WELTERBE KLOSTER LORSCH","robots":{"index":"index","follow":"follow","max-snippet":"max-snippet:-1","max-image-preview":"max-image-preview:large","max-video-preview":"max-video-preview:-1"},"canonical":"https:\/\/kloster-lorsch.de\/en\/produkt\/eiklar-und-lapislazuli\/","og_locale":"en_US","og_type":"article","og_title":"Eiklar und Lapislazuli - UNESCO WELTERBE KLOSTER LORSCH","og_description":"Bunte Initiale aus selbstgemachten Farben","og_url":"https:\/\/kloster-lorsch.de\/en\/produkt\/eiklar-und-lapislazuli\/","og_site_name":"UNESCO WELTERBE KLOSTER LORSCH","article_publisher":"https:\/\/www.facebook.com\/klosterlorsch","article_modified_time":"2026-02-25T15:08:22+00:00","og_image":[{"width":1715,"height":1146,"url":"https:\/\/kloster-lorsch.de\/wp-content\/uploads\/2020\/11\/WEKL_MuPaed_Skriptorium_Michael_Thumm_2024_klein.jpg","type":"image\/jpeg"}],"twitter_card":"summary_large_image","twitter_misc":{"Est. reading time":"1 minute"},"schema":{"@context":"https:\/\/schema.org","@graph":[{"@type":"WebPage","@id":"https:\/\/kloster-lorsch.de\/en\/produkt\/eiklar-und-lapislazuli\/","url":"https:\/\/kloster-lorsch.de\/en\/produkt\/eiklar-und-lapislazuli\/","name":"Eiklar und Lapislazuli - UNESCO WELTERBE KLOSTER LORSCH","isPartOf":{"@id":"https:\/\/kloster-lorsch.de\/en\/#website"},"primaryImageOfPage":{"@id":"https:\/\/kloster-lorsch.de\/en\/produkt\/eiklar-und-lapislazuli\/#primaryimage"},"image":{"@id":"https:\/\/kloster-lorsch.de\/en\/produkt\/eiklar-und-lapislazuli\/#primaryimage"},"thumbnailUrl":"https:\/\/kloster-lorsch.de\/wp-content\/uploads\/2020\/11\/WEKL_MuPaed_Skriptorium_Michael_Thumm_2024_klein.jpg","datePublished":"2020-11-16T12:22:26+00:00","dateModified":"2026-02-25T15:08:22+00:00","breadcrumb":{"@id":"https:\/\/kloster-lorsch.de\/en\/produkt\/eiklar-und-lapislazuli\/#breadcrumb"},"inLanguage":"en-US","potentialAction":[{"@type":"ReadAction","target":["https:\/\/kloster-lorsch.de\/en\/produkt\/eiklar-und-lapislazuli\/"]}]},{"@type":"ImageObject","inLanguage":"en-US","@id":"https:\/\/kloster-lorsch.de\/en\/produkt\/eiklar-und-lapislazuli\/#primaryimage","url":"https:\/\/kloster-lorsch.de\/wp-content\/uploads\/2020\/11\/WEKL_MuPaed_Skriptorium_Michael_Thumm_2024_klein.jpg","contentUrl":"https:\/\/kloster-lorsch.de\/wp-content\/uploads\/2020\/11\/WEKL_MuPaed_Skriptorium_Michael_Thumm_2024_klein.jpg","width":1715,"height":1146},{"@type":"BreadcrumbList","@id":"https:\/\/kloster-lorsch.de\/en\/produkt\/eiklar-und-lapislazuli\/#breadcrumb","itemListElement":[{"@type":"ListItem","position":1,"name":"Startseite","item":"https:\/\/kloster-lorsch.de\/en\/"},{"@type":"ListItem","position":2,"name":"Buchbare Angebote","item":"https:\/\/kloster-lorsch.de\/kurse-workshops\/angebote\/"},{"@type":"ListItem","position":3,"name":"Eiklar und Lapislazuli"}]},{"@type":"WebSite","@id":"https:\/\/kloster-lorsch.de\/en\/#website","url":"https:\/\/kloster-lorsch.de\/en\/","name":"UNESCO WELTERBE KLOSTER LORSCH","description":"Welterbeareal mit Freilichtlabor Lauresham","publisher":{"@id":"https:\/\/kloster-lorsch.de\/en\/#organization"},"potentialAction":[{"@type":"SearchAction","target":{"@type":"EntryPoint","urlTemplate":"https:\/\/kloster-lorsch.de\/en\/?s={search_term_string}"},"query-input":{"@type":"PropertyValueSpecification","valueRequired":true,"valueName":"search_term_string"}}],"inLanguage":"en-US"},{"@type":"Organization","@id":"https:\/\/kloster-lorsch.de\/en\/#organization","name":"UNESCO Welterbe Kloster Lorsch","alternateName":"WEKL","url":"https:\/\/kloster-lorsch.de\/en\/","logo":{"@type":"ImageObject","inLanguage":"en-US","@id":"https:\/\/kloster-lorsch.de\/en\/#\/schema\/logo\/image\/","url":"https:\/\/kloster-lorsch.de\/wp-content\/uploads\/2020\/06\/WEKL_logo-weiss.png","contentUrl":"https:\/\/kloster-lorsch.de\/wp-content\/uploads\/2020\/06\/WEKL_logo-weiss.png","width":2742,"height":2370,"caption":"UNESCO Welterbe Kloster Lorsch"},"image":{"@id":"https:\/\/kloster-lorsch.de\/en\/#\/schema\/logo\/image\/"},"sameAs":["https:\/\/www.facebook.com\/klosterlorsch","https:\/\/www.youtube.com\/channel\/UCscD4hbr10MaVxxOJhPpvOQ","https:\/\/de.wikipedia.org\/wiki\/Kloster_Lorsch"]}]}},"_links":{"self":[{"href":"https:\/\/kloster-lorsch.de\/en\/wp-json\/wp\/v2\/product\/2292","targetHints":{"allow":["GET"]}}],"collection":[{"href":"https:\/\/kloster-lorsch.de\/en\/wp-json\/wp\/v2\/product"}],"about":[{"href":"https:\/\/kloster-lorsch.de\/en\/wp-json\/wp\/v2\/types\/product"}],"version-history":[{"count":0,"href":"https:\/\/kloster-lorsch.de\/en\/wp-json\/wp\/v2\/product\/2292\/revisions"}],"wp:featuredmedia":[{"embeddable":true,"href":"https:\/\/kloster-lorsch.de\/en\/wp-json\/wp\/v2\/media\/18055"}],"wp:attachment":[{"href":"https:\/\/kloster-lorsch.de\/en\/wp-json\/wp\/v2\/media?parent=2292"}],"wp:term":[{"taxonomy":"product_brand","embeddable":true,"href":"https:\/\/kloster-lorsch.de\/en\/wp-json\/wp\/v2\/product_brand?post=2292"},{"taxonomy":"product_cat","embeddable":true,"href":"https:\/\/kloster-lorsch.de\/en\/wp-json\/wp\/v2\/product_cat?post=2292"},{"taxonomy":"product_tag","embeddable":true,"href":"https:\/\/kloster-lorsch.de\/en\/wp-json\/wp\/v2\/product_tag?post=2292"}],"curies":[{"name":"wp","href":"https:\/\/api.w.org\/{rel}","templated":true}]}}