{"id":2328,"date":"2020-11-16T14:40:51","date_gmt":"2020-11-16T12:40:51","guid":{"rendered":"https:\/\/kloster.lorsch.de\/?p=2328"},"modified":"2025-08-01T08:23:49","modified_gmt":"2025-08-01T07:23:49","slug":"backen-wie-im-mittelalter","status":"publish","type":"product","link":"https:\/\/kloster-lorsch.de\/en\/produkt\/backen-wie-im-mittelalter\/","title":{"rendered":"Backen wie im Mittelalter"},"content":{"rendered":"<p>Getreide ist das Hauptnahrungsmittel der Menschen im gesamten Mittelalter. Ob als einfacher Brei oder als knusprig gebackenes Brot aus dem Kugelbackofen \u2013 arme und reiche Leute haben vor allem Speisen aus Getreide gegessen, wenn sie richtig satt werden wollten. Wer Brot backen wollte, musste nicht nur die Feldarbeit leisten und vor der Ernte Gl\u00fcck mit dem Wetter haben. Er brauchte au\u00dferdem Zugang zu einer M\u00fchle und einem Ofen. Auch die Verarbeitung von Roggen, Dinkel, Hafer oder Gerste machte viel M\u00fche: Mehl mahlen, Teig kneten, Brote formen, im Kugelbackofen backen und aufpassen, dass das kostbare Backwerk nicht verbrennt.<\/p>\n<p>Wie im Mittelalter ist das Brotbacken bei uns echte Teamarbeit und braucht Zeit und Mu\u00dfe, damit man sich auf die einzelnen Arbeitsschritte konzentrieren kann. Aus diesem Grund bieten wir interessierten Gruppen ein dreist\u00fcndiges Backprojekt an, das sich intensiv mit den Themen Ern\u00e4hrung im Mittelalter, Getreideverarbeitung und dem Backen selbst besch\u00e4ftigt. Das Angebot richtet sich an alle, die sich fern der elektrischen Getreidem\u00fchle und Backautomaten an ein gemeinsames Backprojekt in echter Handarbeit wagen.<\/p>\n<p>Wichtig: Nicht geeignet f\u00fcr Glutenallergiker:innen.<\/p>\n<p><strong>Empfohlene Altersstufen:<\/strong> Grundschule (ab 2. Klasse), Unter- bis Oberstufe, Erwachsene<\/p>\n<p><strong>Veranstaltungsort:<\/strong> Lauresham (Besucherinformationszentrum) (Mai bis September)<\/p>\n<p><strong>Dauer:<\/strong> 3 Stunden (ohne Rundgang)<\/p>\n<p><strong>Buchbar:<\/strong> Mai bis September<\/p>\n","protected":false},"excerpt":{"rendered":"<p>Getreide ist das Hauptnahrungsmittel der Menschen im gesamten Mittelalter. Ob als einfacher Brei oder als knusprig gebackenes Brot aus dem Kugelbackofen \u2013 arme und reiche Leute haben vor allem Speisen aus Getreide gegessen, wenn sie richtig satt werden wollten. Wer Brot backen wollte, musste nicht nur die Feldarbeit leisten und vor der Ernte Gl\u00fcck mit &#8230; <a title=\"Backen wie im Mittelalter\" class=\"read-more\" href=\"https:\/\/kloster-lorsch.de\/en\/produkt\/backen-wie-im-mittelalter\/\" aria-label=\"Read more about Backen wie im Mittelalter\">Read more<\/a><\/p>\n","protected":false},"featured_media":2467,"template":"","meta":[],"product_brand":[],"product_cat":[331,332,349,348,335,328],"product_tag":[350,339,341,346,347],"class_list":{"0":"post-2328","1":"product","2":"type-product","3":"status-publish","4":"has-post-thumbnail","6":"product_cat-grundschule","7":"product_cat-unterstufe","8":"product_cat-mittelstufe","9":"product_cat-oberstufe","10":"product_cat-erwachsene","11":"product_cat-kochen-backen-im-mittelalter","12":"product_tag-schulklassen","13":"product_tag-familien","14":"product_tag-kindergeburtstag","15":"product_tag-firmen-vereine","16":"product_tag-lehrkraft-fortbildung","18":"first","19":"instock","20":"shipping-taxable","21":"product-type-simple"},"yoast_head":"<!-- This site is optimized with the Yoast SEO plugin v27.5 - https:\/\/yoast.com\/product\/yoast-seo-wordpress\/ -->\n<title>Backen wie im Mittelalter - UNESCO WELTERBE KLOSTER LORSCH<\/title>\n<meta name=\"robots\" content=\"index, follow, max-snippet:-1, max-image-preview:large, max-video-preview:-1\" \/>\n<link rel=\"canonical\" href=\"https:\/\/kloster-lorsch.de\/en\/produkt\/backen-wie-im-mittelalter\/\" \/>\n<meta property=\"og:locale\" content=\"en_US\" \/>\n<meta property=\"og:type\" content=\"article\" \/>\n<meta property=\"og:title\" content=\"Backen wie im Mittelalter - UNESCO WELTERBE KLOSTER LORSCH\" \/>\n<meta property=\"og:description\" content=\"Getreide ist das Hauptnahrungsmittel der Menschen im gesamten Mittelalter. Ob als einfacher Brei oder als knusprig gebackenes Brot aus dem Kugelbackofen \u2013 arme und reiche Leute haben vor allem Speisen aus Getreide gegessen, wenn sie richtig satt werden wollten. Wer Brot backen wollte, musste nicht nur die Feldarbeit leisten und vor der Ernte Gl\u00fcck mit ... Read more\" \/>\n<meta property=\"og:url\" content=\"https:\/\/kloster-lorsch.de\/en\/produkt\/backen-wie-im-mittelalter\/\" \/>\n<meta property=\"og:site_name\" content=\"UNESCO WELTERBE KLOSTER LORSCH\" \/>\n<meta property=\"article:publisher\" content=\"https:\/\/www.facebook.com\/klosterlorsch\" \/>\n<meta property=\"article:modified_time\" content=\"2025-08-01T07:23:49+00:00\" \/>\n<meta property=\"og:image\" content=\"https:\/\/kloster-lorsch.de\/wp-content\/uploads\/2020\/11\/backen-wie-im-mittelalter.jpg\" \/>\n\t<meta property=\"og:image:width\" content=\"1800\" \/>\n\t<meta property=\"og:image:height\" content=\"1200\" \/>\n\t<meta property=\"og:image:type\" content=\"image\/jpeg\" \/>\n<meta name=\"twitter:card\" content=\"summary_large_image\" \/>\n<meta name=\"twitter:label1\" content=\"Est. reading time\" \/>\n\t<meta name=\"twitter:data1\" content=\"2 minutes\" \/>\n<script type=\"application\/ld+json\" class=\"yoast-schema-graph\">{\"@context\":\"https:\\\/\\\/schema.org\",\"@graph\":[{\"@type\":\"WebPage\",\"@id\":\"https:\\\/\\\/kloster-lorsch.de\\\/en\\\/produkt\\\/backen-wie-im-mittelalter\\\/\",\"url\":\"https:\\\/\\\/kloster-lorsch.de\\\/en\\\/produkt\\\/backen-wie-im-mittelalter\\\/\",\"name\":\"Backen wie im Mittelalter - UNESCO WELTERBE KLOSTER LORSCH\",\"isPartOf\":{\"@id\":\"https:\\\/\\\/kloster-lorsch.de\\\/en\\\/#website\"},\"primaryImageOfPage\":{\"@id\":\"https:\\\/\\\/kloster-lorsch.de\\\/en\\\/produkt\\\/backen-wie-im-mittelalter\\\/#primaryimage\"},\"image\":{\"@id\":\"https:\\\/\\\/kloster-lorsch.de\\\/en\\\/produkt\\\/backen-wie-im-mittelalter\\\/#primaryimage\"},\"thumbnailUrl\":\"https:\\\/\\\/kloster-lorsch.de\\\/wp-content\\\/uploads\\\/2020\\\/11\\\/backen-wie-im-mittelalter.jpg\",\"datePublished\":\"2020-11-16T12:40:51+00:00\",\"dateModified\":\"2025-08-01T07:23:49+00:00\",\"breadcrumb\":{\"@id\":\"https:\\\/\\\/kloster-lorsch.de\\\/en\\\/produkt\\\/backen-wie-im-mittelalter\\\/#breadcrumb\"},\"inLanguage\":\"en-US\",\"potentialAction\":[{\"@type\":\"ReadAction\",\"target\":[\"https:\\\/\\\/kloster-lorsch.de\\\/en\\\/produkt\\\/backen-wie-im-mittelalter\\\/\"]}]},{\"@type\":\"ImageObject\",\"inLanguage\":\"en-US\",\"@id\":\"https:\\\/\\\/kloster-lorsch.de\\\/en\\\/produkt\\\/backen-wie-im-mittelalter\\\/#primaryimage\",\"url\":\"https:\\\/\\\/kloster-lorsch.de\\\/wp-content\\\/uploads\\\/2020\\\/11\\\/backen-wie-im-mittelalter.jpg\",\"contentUrl\":\"https:\\\/\\\/kloster-lorsch.de\\\/wp-content\\\/uploads\\\/2020\\\/11\\\/backen-wie-im-mittelalter.jpg\",\"width\":1800,\"height\":1200},{\"@type\":\"BreadcrumbList\",\"@id\":\"https:\\\/\\\/kloster-lorsch.de\\\/en\\\/produkt\\\/backen-wie-im-mittelalter\\\/#breadcrumb\",\"itemListElement\":[{\"@type\":\"ListItem\",\"position\":1,\"name\":\"Startseite\",\"item\":\"https:\\\/\\\/kloster-lorsch.de\\\/en\\\/\"},{\"@type\":\"ListItem\",\"position\":2,\"name\":\"Buchbare Angebote\",\"item\":\"https:\\\/\\\/kloster-lorsch.de\\\/kurse-workshops\\\/angebote\\\/\"},{\"@type\":\"ListItem\",\"position\":3,\"name\":\"Backen wie im Mittelalter\"}]},{\"@type\":\"WebSite\",\"@id\":\"https:\\\/\\\/kloster-lorsch.de\\\/en\\\/#website\",\"url\":\"https:\\\/\\\/kloster-lorsch.de\\\/en\\\/\",\"name\":\"UNESCO WELTERBE KLOSTER LORSCH\",\"description\":\"Welterbeareal mit Freilichtlabor Lauresham\",\"publisher\":{\"@id\":\"https:\\\/\\\/kloster-lorsch.de\\\/en\\\/#organization\"},\"potentialAction\":[{\"@type\":\"SearchAction\",\"target\":{\"@type\":\"EntryPoint\",\"urlTemplate\":\"https:\\\/\\\/kloster-lorsch.de\\\/en\\\/?s={search_term_string}\"},\"query-input\":{\"@type\":\"PropertyValueSpecification\",\"valueRequired\":true,\"valueName\":\"search_term_string\"}}],\"inLanguage\":\"en-US\"},{\"@type\":\"Organization\",\"@id\":\"https:\\\/\\\/kloster-lorsch.de\\\/en\\\/#organization\",\"name\":\"UNESCO Welterbe Kloster Lorsch\",\"alternateName\":\"WEKL\",\"url\":\"https:\\\/\\\/kloster-lorsch.de\\\/en\\\/\",\"logo\":{\"@type\":\"ImageObject\",\"inLanguage\":\"en-US\",\"@id\":\"https:\\\/\\\/kloster-lorsch.de\\\/en\\\/#\\\/schema\\\/logo\\\/image\\\/\",\"url\":\"https:\\\/\\\/kloster-lorsch.de\\\/wp-content\\\/uploads\\\/2020\\\/06\\\/WEKL_logo-weiss.png\",\"contentUrl\":\"https:\\\/\\\/kloster-lorsch.de\\\/wp-content\\\/uploads\\\/2020\\\/06\\\/WEKL_logo-weiss.png\",\"width\":2742,\"height\":2370,\"caption\":\"UNESCO Welterbe Kloster Lorsch\"},\"image\":{\"@id\":\"https:\\\/\\\/kloster-lorsch.de\\\/en\\\/#\\\/schema\\\/logo\\\/image\\\/\"},\"sameAs\":[\"https:\\\/\\\/www.facebook.com\\\/klosterlorsch\",\"https:\\\/\\\/www.youtube.com\\\/channel\\\/UCscD4hbr10MaVxxOJhPpvOQ\",\"https:\\\/\\\/de.wikipedia.org\\\/wiki\\\/Kloster_Lorsch\"]}]}<\/script>\n<!-- \/ Yoast SEO plugin. -->","yoast_head_json":{"title":"Backen wie im Mittelalter - UNESCO WELTERBE KLOSTER LORSCH","robots":{"index":"index","follow":"follow","max-snippet":"max-snippet:-1","max-image-preview":"max-image-preview:large","max-video-preview":"max-video-preview:-1"},"canonical":"https:\/\/kloster-lorsch.de\/en\/produkt\/backen-wie-im-mittelalter\/","og_locale":"en_US","og_type":"article","og_title":"Backen wie im Mittelalter - UNESCO WELTERBE KLOSTER LORSCH","og_description":"Getreide ist das Hauptnahrungsmittel der Menschen im gesamten Mittelalter. Ob als einfacher Brei oder als knusprig gebackenes Brot aus dem Kugelbackofen \u2013 arme und reiche Leute haben vor allem Speisen aus Getreide gegessen, wenn sie richtig satt werden wollten. Wer Brot backen wollte, musste nicht nur die Feldarbeit leisten und vor der Ernte Gl\u00fcck mit ... Read more","og_url":"https:\/\/kloster-lorsch.de\/en\/produkt\/backen-wie-im-mittelalter\/","og_site_name":"UNESCO WELTERBE KLOSTER LORSCH","article_publisher":"https:\/\/www.facebook.com\/klosterlorsch","article_modified_time":"2025-08-01T07:23:49+00:00","og_image":[{"width":1800,"height":1200,"url":"https:\/\/kloster-lorsch.de\/wp-content\/uploads\/2020\/11\/backen-wie-im-mittelalter.jpg","type":"image\/jpeg"}],"twitter_card":"summary_large_image","twitter_misc":{"Est. reading time":"2 minutes"},"schema":{"@context":"https:\/\/schema.org","@graph":[{"@type":"WebPage","@id":"https:\/\/kloster-lorsch.de\/en\/produkt\/backen-wie-im-mittelalter\/","url":"https:\/\/kloster-lorsch.de\/en\/produkt\/backen-wie-im-mittelalter\/","name":"Backen wie im Mittelalter - UNESCO WELTERBE KLOSTER LORSCH","isPartOf":{"@id":"https:\/\/kloster-lorsch.de\/en\/#website"},"primaryImageOfPage":{"@id":"https:\/\/kloster-lorsch.de\/en\/produkt\/backen-wie-im-mittelalter\/#primaryimage"},"image":{"@id":"https:\/\/kloster-lorsch.de\/en\/produkt\/backen-wie-im-mittelalter\/#primaryimage"},"thumbnailUrl":"https:\/\/kloster-lorsch.de\/wp-content\/uploads\/2020\/11\/backen-wie-im-mittelalter.jpg","datePublished":"2020-11-16T12:40:51+00:00","dateModified":"2025-08-01T07:23:49+00:00","breadcrumb":{"@id":"https:\/\/kloster-lorsch.de\/en\/produkt\/backen-wie-im-mittelalter\/#breadcrumb"},"inLanguage":"en-US","potentialAction":[{"@type":"ReadAction","target":["https:\/\/kloster-lorsch.de\/en\/produkt\/backen-wie-im-mittelalter\/"]}]},{"@type":"ImageObject","inLanguage":"en-US","@id":"https:\/\/kloster-lorsch.de\/en\/produkt\/backen-wie-im-mittelalter\/#primaryimage","url":"https:\/\/kloster-lorsch.de\/wp-content\/uploads\/2020\/11\/backen-wie-im-mittelalter.jpg","contentUrl":"https:\/\/kloster-lorsch.de\/wp-content\/uploads\/2020\/11\/backen-wie-im-mittelalter.jpg","width":1800,"height":1200},{"@type":"BreadcrumbList","@id":"https:\/\/kloster-lorsch.de\/en\/produkt\/backen-wie-im-mittelalter\/#breadcrumb","itemListElement":[{"@type":"ListItem","position":1,"name":"Startseite","item":"https:\/\/kloster-lorsch.de\/en\/"},{"@type":"ListItem","position":2,"name":"Buchbare Angebote","item":"https:\/\/kloster-lorsch.de\/kurse-workshops\/angebote\/"},{"@type":"ListItem","position":3,"name":"Backen wie im Mittelalter"}]},{"@type":"WebSite","@id":"https:\/\/kloster-lorsch.de\/en\/#website","url":"https:\/\/kloster-lorsch.de\/en\/","name":"UNESCO WELTERBE KLOSTER LORSCH","description":"Welterbeareal mit Freilichtlabor Lauresham","publisher":{"@id":"https:\/\/kloster-lorsch.de\/en\/#organization"},"potentialAction":[{"@type":"SearchAction","target":{"@type":"EntryPoint","urlTemplate":"https:\/\/kloster-lorsch.de\/en\/?s={search_term_string}"},"query-input":{"@type":"PropertyValueSpecification","valueRequired":true,"valueName":"search_term_string"}}],"inLanguage":"en-US"},{"@type":"Organization","@id":"https:\/\/kloster-lorsch.de\/en\/#organization","name":"UNESCO Welterbe Kloster Lorsch","alternateName":"WEKL","url":"https:\/\/kloster-lorsch.de\/en\/","logo":{"@type":"ImageObject","inLanguage":"en-US","@id":"https:\/\/kloster-lorsch.de\/en\/#\/schema\/logo\/image\/","url":"https:\/\/kloster-lorsch.de\/wp-content\/uploads\/2020\/06\/WEKL_logo-weiss.png","contentUrl":"https:\/\/kloster-lorsch.de\/wp-content\/uploads\/2020\/06\/WEKL_logo-weiss.png","width":2742,"height":2370,"caption":"UNESCO Welterbe Kloster Lorsch"},"image":{"@id":"https:\/\/kloster-lorsch.de\/en\/#\/schema\/logo\/image\/"},"sameAs":["https:\/\/www.facebook.com\/klosterlorsch","https:\/\/www.youtube.com\/channel\/UCscD4hbr10MaVxxOJhPpvOQ","https:\/\/de.wikipedia.org\/wiki\/Kloster_Lorsch"]}]}},"_links":{"self":[{"href":"https:\/\/kloster-lorsch.de\/en\/wp-json\/wp\/v2\/product\/2328","targetHints":{"allow":["GET"]}}],"collection":[{"href":"https:\/\/kloster-lorsch.de\/en\/wp-json\/wp\/v2\/product"}],"about":[{"href":"https:\/\/kloster-lorsch.de\/en\/wp-json\/wp\/v2\/types\/product"}],"version-history":[{"count":0,"href":"https:\/\/kloster-lorsch.de\/en\/wp-json\/wp\/v2\/product\/2328\/revisions"}],"wp:featuredmedia":[{"embeddable":true,"href":"https:\/\/kloster-lorsch.de\/en\/wp-json\/wp\/v2\/media\/2467"}],"wp:attachment":[{"href":"https:\/\/kloster-lorsch.de\/en\/wp-json\/wp\/v2\/media?parent=2328"}],"wp:term":[{"taxonomy":"product_brand","embeddable":true,"href":"https:\/\/kloster-lorsch.de\/en\/wp-json\/wp\/v2\/product_brand?post=2328"},{"taxonomy":"product_cat","embeddable":true,"href":"https:\/\/kloster-lorsch.de\/en\/wp-json\/wp\/v2\/product_cat?post=2328"},{"taxonomy":"product_tag","embeddable":true,"href":"https:\/\/kloster-lorsch.de\/en\/wp-json\/wp\/v2\/product_tag?post=2328"}],"curies":[{"name":"wp","href":"https:\/\/api.w.org\/{rel}","templated":true}]}}