{"id":3816,"date":"2021-01-06T14:22:57","date_gmt":"2021-01-06T12:22:57","guid":{"rendered":"https:\/\/klosterlorsch.de\/?p=3816"},"modified":"2024-02-21T10:07:51","modified_gmt":"2024-02-21T09:07:51","slug":"auf-die-drehung-kommt-es-an-2","status":"publish","type":"product","link":"https:\/\/kloster-lorsch.de\/en\/produkt\/auf-die-drehung-kommt-es-an-2\/","title":{"rendered":"Auf die Drehung kommt es an"},"content":{"rendered":"<p>&#8220;Brettchen&#8221; mit vier L\u00f6chern spielen in diesem Workshop die Hauptrolle. Durch jedes Loch wird ein Faden gef\u00fchrt. Ist die Kette aufgespannt, wird der Schussfaden durch das Fach gelegt und die Brettchen k\u00f6nnen gedreht werden. Aber, gewusst wie! Die Leute damals kannten als Profis alle M\u00f6glichkeiten, um Farben- und Formenmuster zu entwerfen. Sogar Buchstaben konnte man weben. Als Anf\u00e4nger:innen begn\u00fcgen wir uns mit einem einfachen Muster.<\/p>\n<p><strong>Empfohlene Altersstufen<\/strong>: Grundschule (ab 4. Klasse), Unter- Mittel- und Oberstufe, Erwachsene<\/p>\n<p><strong>Maximale Gruppengr\u00f6\u00dfe:<\/strong> 10 Personen<\/p>\n<p><strong>Veranstaltungsort:<\/strong> Lauresham (Besucherinformationszentrum)<\/p>\n<p><strong>Dauer:<\/strong> 3 Stunden (mit Rundgang und Pause)<br \/>\n4 Stunden (mit ausf\u00fchrlichem Rundgang, Pause und eigenst\u00e4ndigem einf\u00e4deln des Webkamms)<\/p>\n<p><strong>Buchbar:<\/strong> ganzj\u00e4hrig<\/p>\n","protected":false},"excerpt":{"rendered":"<p>Ein bunter G\u00fcrtel entsteht in der &#8220;Brettchen&#8221;-Webtechnik<\/p>\n","protected":false},"featured_media":13595,"template":"","meta":[],"product_brand":[],"product_cat":[331,332,349,323,348,335],"product_tag":[350,339,341,346,347],"class_list":{"0":"post-3816","1":"product","2":"type-product","3":"status-publish","4":"has-post-thumbnail","6":"product_cat-grundschule","7":"product_cat-unterstufe","8":"product_cat-mittelstufe","9":"product_cat-filzen-faerben-weben","10":"product_cat-oberstufe","11":"product_cat-erwachsene","12":"product_tag-schulklassen","13":"product_tag-familien","14":"product_tag-kindergeburtstag","15":"product_tag-firmen-vereine","16":"product_tag-lehrkraft-fortbildung","18":"first","19":"instock","20":"shipping-taxable","21":"product-type-simple"},"yoast_head":"<!-- This site is optimized with the Yoast SEO plugin v27.5 - https:\/\/yoast.com\/product\/yoast-seo-wordpress\/ -->\n<title>Auf die Drehung kommt es an - UNESCO WELTERBE KLOSTER LORSCH<\/title>\n<meta name=\"robots\" content=\"index, follow, max-snippet:-1, max-image-preview:large, max-video-preview:-1\" \/>\n<link rel=\"canonical\" href=\"https:\/\/kloster-lorsch.de\/en\/produkt\/auf-die-drehung-kommt-es-an-2\/\" \/>\n<meta property=\"og:locale\" content=\"en_US\" \/>\n<meta property=\"og:type\" content=\"article\" \/>\n<meta property=\"og:title\" content=\"Auf die Drehung kommt es an - UNESCO WELTERBE KLOSTER LORSCH\" \/>\n<meta property=\"og:description\" content=\"Ein bunter G\u00fcrtel entsteht in der &quot;Brettchen&quot;-Webtechnik\" \/>\n<meta property=\"og:url\" content=\"https:\/\/kloster-lorsch.de\/en\/produkt\/auf-die-drehung-kommt-es-an-2\/\" \/>\n<meta property=\"og:site_name\" content=\"UNESCO WELTERBE KLOSTER LORSCH\" \/>\n<meta property=\"article:publisher\" content=\"https:\/\/www.facebook.com\/klosterlorsch\" \/>\n<meta property=\"article:modified_time\" content=\"2024-02-21T09:07:51+00:00\" \/>\n<meta property=\"og:image\" content=\"https:\/\/kloster-lorsch.de\/wp-content\/uploads\/2021\/01\/Brettchenweben-Bildnachweis-M-C-Thumm-2023-10-02_1630_D8E4934_mod.jpg\" \/>\n\t<meta property=\"og:image:width\" content=\"1200\" \/>\n\t<meta property=\"og:image:height\" content=\"801\" \/>\n\t<meta property=\"og:image:type\" content=\"image\/jpeg\" \/>\n<meta name=\"twitter:card\" content=\"summary_large_image\" \/>\n<meta name=\"twitter:label1\" content=\"Est. reading time\" \/>\n\t<meta name=\"twitter:data1\" content=\"1 minute\" \/>\n<script type=\"application\/ld+json\" class=\"yoast-schema-graph\">{\"@context\":\"https:\\\/\\\/schema.org\",\"@graph\":[{\"@type\":\"WebPage\",\"@id\":\"https:\\\/\\\/kloster-lorsch.de\\\/en\\\/produkt\\\/auf-die-drehung-kommt-es-an-2\\\/\",\"url\":\"https:\\\/\\\/kloster-lorsch.de\\\/en\\\/produkt\\\/auf-die-drehung-kommt-es-an-2\\\/\",\"name\":\"Auf die Drehung kommt es an - UNESCO WELTERBE KLOSTER LORSCH\",\"isPartOf\":{\"@id\":\"https:\\\/\\\/kloster-lorsch.de\\\/en\\\/#website\"},\"primaryImageOfPage\":{\"@id\":\"https:\\\/\\\/kloster-lorsch.de\\\/en\\\/produkt\\\/auf-die-drehung-kommt-es-an-2\\\/#primaryimage\"},\"image\":{\"@id\":\"https:\\\/\\\/kloster-lorsch.de\\\/en\\\/produkt\\\/auf-die-drehung-kommt-es-an-2\\\/#primaryimage\"},\"thumbnailUrl\":\"https:\\\/\\\/kloster-lorsch.de\\\/wp-content\\\/uploads\\\/2021\\\/01\\\/Brettchenweben-Bildnachweis-M-C-Thumm-2023-10-02_1630_D8E4934_mod.jpg\",\"datePublished\":\"2021-01-06T12:22:57+00:00\",\"dateModified\":\"2024-02-21T09:07:51+00:00\",\"breadcrumb\":{\"@id\":\"https:\\\/\\\/kloster-lorsch.de\\\/en\\\/produkt\\\/auf-die-drehung-kommt-es-an-2\\\/#breadcrumb\"},\"inLanguage\":\"en-US\",\"potentialAction\":[{\"@type\":\"ReadAction\",\"target\":[\"https:\\\/\\\/kloster-lorsch.de\\\/en\\\/produkt\\\/auf-die-drehung-kommt-es-an-2\\\/\"]}]},{\"@type\":\"ImageObject\",\"inLanguage\":\"en-US\",\"@id\":\"https:\\\/\\\/kloster-lorsch.de\\\/en\\\/produkt\\\/auf-die-drehung-kommt-es-an-2\\\/#primaryimage\",\"url\":\"https:\\\/\\\/kloster-lorsch.de\\\/wp-content\\\/uploads\\\/2021\\\/01\\\/Brettchenweben-Bildnachweis-M-C-Thumm-2023-10-02_1630_D8E4934_mod.jpg\",\"contentUrl\":\"https:\\\/\\\/kloster-lorsch.de\\\/wp-content\\\/uploads\\\/2021\\\/01\\\/Brettchenweben-Bildnachweis-M-C-Thumm-2023-10-02_1630_D8E4934_mod.jpg\",\"width\":1200,\"height\":801},{\"@type\":\"BreadcrumbList\",\"@id\":\"https:\\\/\\\/kloster-lorsch.de\\\/en\\\/produkt\\\/auf-die-drehung-kommt-es-an-2\\\/#breadcrumb\",\"itemListElement\":[{\"@type\":\"ListItem\",\"position\":1,\"name\":\"Startseite\",\"item\":\"https:\\\/\\\/kloster-lorsch.de\\\/en\\\/\"},{\"@type\":\"ListItem\",\"position\":2,\"name\":\"Buchbare Angebote\",\"item\":\"https:\\\/\\\/kloster-lorsch.de\\\/kurse-workshops\\\/angebote\\\/\"},{\"@type\":\"ListItem\",\"position\":3,\"name\":\"Auf die Drehung kommt es an\"}]},{\"@type\":\"WebSite\",\"@id\":\"https:\\\/\\\/kloster-lorsch.de\\\/en\\\/#website\",\"url\":\"https:\\\/\\\/kloster-lorsch.de\\\/en\\\/\",\"name\":\"UNESCO WELTERBE KLOSTER LORSCH\",\"description\":\"Welterbeareal mit Freilichtlabor Lauresham\",\"publisher\":{\"@id\":\"https:\\\/\\\/kloster-lorsch.de\\\/en\\\/#organization\"},\"potentialAction\":[{\"@type\":\"SearchAction\",\"target\":{\"@type\":\"EntryPoint\",\"urlTemplate\":\"https:\\\/\\\/kloster-lorsch.de\\\/en\\\/?s={search_term_string}\"},\"query-input\":{\"@type\":\"PropertyValueSpecification\",\"valueRequired\":true,\"valueName\":\"search_term_string\"}}],\"inLanguage\":\"en-US\"},{\"@type\":\"Organization\",\"@id\":\"https:\\\/\\\/kloster-lorsch.de\\\/en\\\/#organization\",\"name\":\"UNESCO Welterbe Kloster Lorsch\",\"alternateName\":\"WEKL\",\"url\":\"https:\\\/\\\/kloster-lorsch.de\\\/en\\\/\",\"logo\":{\"@type\":\"ImageObject\",\"inLanguage\":\"en-US\",\"@id\":\"https:\\\/\\\/kloster-lorsch.de\\\/en\\\/#\\\/schema\\\/logo\\\/image\\\/\",\"url\":\"https:\\\/\\\/kloster-lorsch.de\\\/wp-content\\\/uploads\\\/2020\\\/06\\\/WEKL_logo-weiss.png\",\"contentUrl\":\"https:\\\/\\\/kloster-lorsch.de\\\/wp-content\\\/uploads\\\/2020\\\/06\\\/WEKL_logo-weiss.png\",\"width\":2742,\"height\":2370,\"caption\":\"UNESCO Welterbe Kloster Lorsch\"},\"image\":{\"@id\":\"https:\\\/\\\/kloster-lorsch.de\\\/en\\\/#\\\/schema\\\/logo\\\/image\\\/\"},\"sameAs\":[\"https:\\\/\\\/www.facebook.com\\\/klosterlorsch\",\"https:\\\/\\\/www.youtube.com\\\/channel\\\/UCscD4hbr10MaVxxOJhPpvOQ\",\"https:\\\/\\\/de.wikipedia.org\\\/wiki\\\/Kloster_Lorsch\"]}]}<\/script>\n<!-- \/ Yoast SEO plugin. -->","yoast_head_json":{"title":"Auf die Drehung kommt es an - UNESCO WELTERBE KLOSTER LORSCH","robots":{"index":"index","follow":"follow","max-snippet":"max-snippet:-1","max-image-preview":"max-image-preview:large","max-video-preview":"max-video-preview:-1"},"canonical":"https:\/\/kloster-lorsch.de\/en\/produkt\/auf-die-drehung-kommt-es-an-2\/","og_locale":"en_US","og_type":"article","og_title":"Auf die Drehung kommt es an - UNESCO WELTERBE KLOSTER LORSCH","og_description":"Ein bunter G\u00fcrtel entsteht in der \"Brettchen\"-Webtechnik","og_url":"https:\/\/kloster-lorsch.de\/en\/produkt\/auf-die-drehung-kommt-es-an-2\/","og_site_name":"UNESCO WELTERBE KLOSTER LORSCH","article_publisher":"https:\/\/www.facebook.com\/klosterlorsch","article_modified_time":"2024-02-21T09:07:51+00:00","og_image":[{"width":1200,"height":801,"url":"https:\/\/kloster-lorsch.de\/wp-content\/uploads\/2021\/01\/Brettchenweben-Bildnachweis-M-C-Thumm-2023-10-02_1630_D8E4934_mod.jpg","type":"image\/jpeg"}],"twitter_card":"summary_large_image","twitter_misc":{"Est. reading time":"1 minute"},"schema":{"@context":"https:\/\/schema.org","@graph":[{"@type":"WebPage","@id":"https:\/\/kloster-lorsch.de\/en\/produkt\/auf-die-drehung-kommt-es-an-2\/","url":"https:\/\/kloster-lorsch.de\/en\/produkt\/auf-die-drehung-kommt-es-an-2\/","name":"Auf die Drehung kommt es an - UNESCO WELTERBE KLOSTER LORSCH","isPartOf":{"@id":"https:\/\/kloster-lorsch.de\/en\/#website"},"primaryImageOfPage":{"@id":"https:\/\/kloster-lorsch.de\/en\/produkt\/auf-die-drehung-kommt-es-an-2\/#primaryimage"},"image":{"@id":"https:\/\/kloster-lorsch.de\/en\/produkt\/auf-die-drehung-kommt-es-an-2\/#primaryimage"},"thumbnailUrl":"https:\/\/kloster-lorsch.de\/wp-content\/uploads\/2021\/01\/Brettchenweben-Bildnachweis-M-C-Thumm-2023-10-02_1630_D8E4934_mod.jpg","datePublished":"2021-01-06T12:22:57+00:00","dateModified":"2024-02-21T09:07:51+00:00","breadcrumb":{"@id":"https:\/\/kloster-lorsch.de\/en\/produkt\/auf-die-drehung-kommt-es-an-2\/#breadcrumb"},"inLanguage":"en-US","potentialAction":[{"@type":"ReadAction","target":["https:\/\/kloster-lorsch.de\/en\/produkt\/auf-die-drehung-kommt-es-an-2\/"]}]},{"@type":"ImageObject","inLanguage":"en-US","@id":"https:\/\/kloster-lorsch.de\/en\/produkt\/auf-die-drehung-kommt-es-an-2\/#primaryimage","url":"https:\/\/kloster-lorsch.de\/wp-content\/uploads\/2021\/01\/Brettchenweben-Bildnachweis-M-C-Thumm-2023-10-02_1630_D8E4934_mod.jpg","contentUrl":"https:\/\/kloster-lorsch.de\/wp-content\/uploads\/2021\/01\/Brettchenweben-Bildnachweis-M-C-Thumm-2023-10-02_1630_D8E4934_mod.jpg","width":1200,"height":801},{"@type":"BreadcrumbList","@id":"https:\/\/kloster-lorsch.de\/en\/produkt\/auf-die-drehung-kommt-es-an-2\/#breadcrumb","itemListElement":[{"@type":"ListItem","position":1,"name":"Startseite","item":"https:\/\/kloster-lorsch.de\/en\/"},{"@type":"ListItem","position":2,"name":"Buchbare Angebote","item":"https:\/\/kloster-lorsch.de\/kurse-workshops\/angebote\/"},{"@type":"ListItem","position":3,"name":"Auf die Drehung kommt es an"}]},{"@type":"WebSite","@id":"https:\/\/kloster-lorsch.de\/en\/#website","url":"https:\/\/kloster-lorsch.de\/en\/","name":"UNESCO WELTERBE KLOSTER LORSCH","description":"Welterbeareal mit Freilichtlabor Lauresham","publisher":{"@id":"https:\/\/kloster-lorsch.de\/en\/#organization"},"potentialAction":[{"@type":"SearchAction","target":{"@type":"EntryPoint","urlTemplate":"https:\/\/kloster-lorsch.de\/en\/?s={search_term_string}"},"query-input":{"@type":"PropertyValueSpecification","valueRequired":true,"valueName":"search_term_string"}}],"inLanguage":"en-US"},{"@type":"Organization","@id":"https:\/\/kloster-lorsch.de\/en\/#organization","name":"UNESCO Welterbe Kloster Lorsch","alternateName":"WEKL","url":"https:\/\/kloster-lorsch.de\/en\/","logo":{"@type":"ImageObject","inLanguage":"en-US","@id":"https:\/\/kloster-lorsch.de\/en\/#\/schema\/logo\/image\/","url":"https:\/\/kloster-lorsch.de\/wp-content\/uploads\/2020\/06\/WEKL_logo-weiss.png","contentUrl":"https:\/\/kloster-lorsch.de\/wp-content\/uploads\/2020\/06\/WEKL_logo-weiss.png","width":2742,"height":2370,"caption":"UNESCO Welterbe Kloster Lorsch"},"image":{"@id":"https:\/\/kloster-lorsch.de\/en\/#\/schema\/logo\/image\/"},"sameAs":["https:\/\/www.facebook.com\/klosterlorsch","https:\/\/www.youtube.com\/channel\/UCscD4hbr10MaVxxOJhPpvOQ","https:\/\/de.wikipedia.org\/wiki\/Kloster_Lorsch"]}]}},"_links":{"self":[{"href":"https:\/\/kloster-lorsch.de\/en\/wp-json\/wp\/v2\/product\/3816","targetHints":{"allow":["GET"]}}],"collection":[{"href":"https:\/\/kloster-lorsch.de\/en\/wp-json\/wp\/v2\/product"}],"about":[{"href":"https:\/\/kloster-lorsch.de\/en\/wp-json\/wp\/v2\/types\/product"}],"version-history":[{"count":0,"href":"https:\/\/kloster-lorsch.de\/en\/wp-json\/wp\/v2\/product\/3816\/revisions"}],"wp:featuredmedia":[{"embeddable":true,"href":"https:\/\/kloster-lorsch.de\/en\/wp-json\/wp\/v2\/media\/13595"}],"wp:attachment":[{"href":"https:\/\/kloster-lorsch.de\/en\/wp-json\/wp\/v2\/media?parent=3816"}],"wp:term":[{"taxonomy":"product_brand","embeddable":true,"href":"https:\/\/kloster-lorsch.de\/en\/wp-json\/wp\/v2\/product_brand?post=3816"},{"taxonomy":"product_cat","embeddable":true,"href":"https:\/\/kloster-lorsch.de\/en\/wp-json\/wp\/v2\/product_cat?post=3816"},{"taxonomy":"product_tag","embeddable":true,"href":"https:\/\/kloster-lorsch.de\/en\/wp-json\/wp\/v2\/product_tag?post=3816"}],"curies":[{"name":"wp","href":"https:\/\/api.w.org\/{rel}","templated":true}]}}